{"id":83,"date":"2017-06-18T18:48:05","date_gmt":"2017-06-18T16:48:05","guid":{"rendered":"http:\/\/test.funke-grundschule.de\/?page_id=83"},"modified":"2026-02-05T13:31:58","modified_gmt":"2026-02-05T12:31:58","slug":"foerderverein","status":"publish","type":"page","link":"https:\/\/funke-grundschule.de\/?page_id=83","title":{"rendered":"Der F\u00f6rderverein"},"content":{"rendered":"\n<p><a rel=\"noreferrer noopener\" href=\"http:\/\/funke-grundschule.de\/wp-content\/uploads\/2024\/06\/Flyer-Foerderverein.pdf\" target=\"_blank\">Beitrittserkl\u00e4rung F\u00f6rderverein (<\/a><a href=\"http:\/\/funke-grundschule.de\/wp-content\/uploads\/2026\/02\/Foerderverein-Flyer.pdf\">Stand <\/a><a rel=\"noreferrer noopener\" href=\"http:\/\/funke-grundschule.de\/wp-content\/uploads\/2024\/06\/Flyer-Foerderverein.pdf\" target=\"_blank\">02.2026)<\/a><\/p>\n\n\n\n<p style=\"font-size:16px\"><strong>Nadja Bauer &#8211; 1. Vorsitzende |  E-Mail: <\/strong><a href=\"mailto:nadja.bauer@fh-dortmund.de\" data-type=\"mailto\" data-id=\"mailto:nadja.bauer@fh-dortmund.de\">nadja.bauer@fh-dortmund.de<\/a><\/p>\n\n\n\n<p style=\"font-size:16px\"><strong>Katerina Adolph\u00a0 &#8211; 2. Vorsitzende<\/strong><\/p>\n\n\n\n<p style=\"font-size:16px\"><strong>Joanna Heinicke &amp; Lida Firat \u00a0<\/strong>&#8211; <strong>Kassiererin<\/strong><\/p>\n\n\n\n<hr class=\"wp-block-separator has-alpha-channel-opacity\"\/>\n\n\n<p><strong>Liebe Eltern der Funkeschule,<\/strong><\/p>\n<p>wir m\u00f6chten Ihnen auf diesem Wege gerne unseren <strong><u>F\u00f6rderverein der Funkeschule<\/u><\/strong> vorstellen.<\/p>\n<p>Wir sind ein Verein zur Unterst\u00fctzung unserer Grundschule.<\/p>\n<p>So \u00fcbernehmen wir die Kosten f\u00fcr die Anschaffung von zus\u00e4tzlichem Lehr- und Lernmaterial, aber auch von Extras f\u00fcr eine interessantere Unterrichtsgestaltung. Diese Kosten k\u00f6nnen oft vom immer geringer werdenden Schuletat nicht mehr finanziert werden.<\/p>\n<p>Au\u00dferdem helfen wir bei Klassenfahrten oder sonstigen Veranstaltungen, wenn finanzielle Engp\u00e4sse \u00fcberbr\u00fcckt werden m\u00fcssen.<\/p>\n<p>Mit Ihrer <strong>Spende<\/strong> unterst\u00fctzen Sie die Arbeit der Lehrer*innen und die W\u00fcnsche Ihrer Kinder.<\/p>\n<p>Spenden k\u00f6nnen nicht nur Geldspenden sein, sondern auch Hilfe beim Kuchenbuffet bei Festen unserer Funkeschule. Kuchen-, Kaffee- oder Saftspenden helfen dem F\u00f6rderverein dabei, Geld in die Kasse zu bekommen.<\/p>\n<p><strong>Mitgliedschaft<\/strong><\/p>\n<p>Wir freuen uns immer \u00fcber viele Besucher bei den Schulveranstaltungen. Aber vor allem freuen wir uns \u00fcber neue Mitglieder!&nbsp; \ud83d\ude42 Wenn Sie Mitglied werden m\u00f6chten, k\u00f6nnen Sie die <strong>Beitrittserkl\u00e4rung<\/strong> ausf\u00fcllen und unterschreiben. Diese kann Ihr Kind bei dem\/r jeweiligen Klassenlehrer*in abgeben oder Sie schicken sie als Brief an die dort genannte Adresse. Die Mitgliedschaft erlischt automatisch mit dem Wechsel zu einer anderen Schule.. <strong>F\u00fcr den Beitrag von 1 Euro (Jahresbeitrag = 12 Euro) empfiehlt sich, einen Dauerauftrag einzurichten.<\/strong> Die Vorstandsarbeit wird ehrenamtlich von den Eltern unserer Schule geleistet.<\/p>\n<p><strong><em>Der F\u00f6rderverein existiert nur mit der Hilfe von Ihnen als Eltern! Werden Sie Mitglied! <\/em>\ud83d\ude42<\/strong><\/p>\n<h3>Die Gemeinn\u00fctzigkeit<\/h3>\n<p>Der F\u00f6rderverein hat die Steuernummer 314\/5704\/4815 und ist im Sinne der Paragraphen 51 ff AO durch einen Freistellungsbescheid des Finanzamtes Dortmund-West als gemeinn\u00fctziger Verein anerkannt. Er ist damit berechtigt, Spendenquittungen \u00fcber gespendete Geld- und Sachmittel auszustellen.<\/p>\n<h3>Vom F\u00f6rderverein unterst\u00fctzte Anschaffungen der Schule<\/h3>\n<figure id=\"attachment_500\" aria-describedby=\"caption-attachment-500\" style=\"width: 300px\" class=\"wp-caption alignleft\"><img loading=\"lazy\" class=\"wp-image-500 size-medium\" src=\"http:\/\/funke-grundschule.de\/wp-content\/uploads\/2017\/09\/20170619_132740-300x225.jpg\" alt=\"\" width=\"300\" height=\"225\" srcset=\"https:\/\/funke-grundschule.de\/wp-content\/uploads\/2017\/09\/20170619_132740-300x225.jpg 300w, https:\/\/funke-grundschule.de\/wp-content\/uploads\/2017\/09\/20170619_132740-768x576.jpg 768w, https:\/\/funke-grundschule.de\/wp-content\/uploads\/2017\/09\/20170619_132740-1024x768.jpg 1024w\" sizes=\"(max-width: 300px) 100vw, 300px\" \/><figcaption id=\"caption-attachment-500\" class=\"wp-caption-text\">Boulderwand auf dem Schulhof<\/figcaption><\/figure>\n<figure id=\"attachment_498\" aria-describedby=\"caption-attachment-498\" style=\"width: 300px\" class=\"wp-caption alignleft\"><img loading=\"lazy\" class=\"wp-image-498 size-medium\" src=\"http:\/\/funke-grundschule.de\/wp-content\/uploads\/2017\/09\/20170619_132130-300x225.jpg\" alt=\"\" width=\"300\" height=\"225\" srcset=\"https:\/\/funke-grundschule.de\/wp-content\/uploads\/2017\/09\/20170619_132130-300x225.jpg 300w, https:\/\/funke-grundschule.de\/wp-content\/uploads\/2017\/09\/20170619_132130-768x576.jpg 768w, https:\/\/funke-grundschule.de\/wp-content\/uploads\/2017\/09\/20170619_132130-1024x768.jpg 1024w\" sizes=\"(max-width: 300px) 100vw, 300px\" \/><figcaption id=\"caption-attachment-498\" class=\"wp-caption-text\">Stabile Holzb\u00e4nke f\u00fcr den Sitzkreis (in allen Klassen)<\/figcaption><\/figure>\n<figure id=\"attachment_499\" aria-describedby=\"caption-attachment-499\" style=\"width: 225px\" class=\"wp-caption alignleft\"><img loading=\"lazy\" class=\"wp-image-499 size-medium\" src=\"http:\/\/funke-grundschule.de\/wp-content\/uploads\/2017\/09\/20170619_132448-225x300.jpg\" alt=\"\" width=\"225\" height=\"300\" srcset=\"https:\/\/funke-grundschule.de\/wp-content\/uploads\/2017\/09\/20170619_132448-225x300.jpg 225w, https:\/\/funke-grundschule.de\/wp-content\/uploads\/2017\/09\/20170619_132448-768x1024.jpg 768w, https:\/\/funke-grundschule.de\/wp-content\/uploads\/2017\/09\/20170619_132448.jpg 1920w\" sizes=\"(max-width: 225px) 100vw, 225px\" \/><figcaption id=\"caption-attachment-499\" class=\"wp-caption-text\">Super-Acht- Spiele mit differenzierten Arbeitskarten (2 f\u00fcr alle Klassen)<\/figcaption><\/figure>\n<figure id=\"attachment_497\" aria-describedby=\"caption-attachment-497\" style=\"width: 225px\" class=\"wp-caption alignleft\"><img loading=\"lazy\" class=\"wp-image-497 size-medium\" src=\"http:\/\/funke-grundschule.de\/wp-content\/uploads\/2017\/09\/20170619_133154-225x300.jpg\" alt=\"\" width=\"225\" height=\"300\" srcset=\"https:\/\/funke-grundschule.de\/wp-content\/uploads\/2017\/09\/20170619_133154-225x300.jpg 225w, https:\/\/funke-grundschule.de\/wp-content\/uploads\/2017\/09\/20170619_133154-768x1024.jpg 768w, https:\/\/funke-grundschule.de\/wp-content\/uploads\/2017\/09\/20170619_133154.jpg 1920w\" sizes=\"(max-width: 225px) 100vw, 225px\" \/><figcaption id=\"caption-attachment-497\" class=\"wp-caption-text\">Komm mit &#8211; Differenzierungsmaterial f\u00fcr Mathematik und Deutsch (f\u00fcr die Lehrer bereitstehend)<\/figcaption><\/figure>\n\n\n<figure class=\"wp-block-image\"><img alt=\"\"\/><\/figure>\n","protected":false},"excerpt":{"rendered":"<p>Beitrittserkl\u00e4rung F\u00f6rderverein (Stand 02.2026) Nadja Bauer &#8211; 1. Vorsitzende | E-Mail: nadja.bauer@fh-dortmund.de Katerina Adolph\u00a0 &#8211; 2. Vorsitzende Joanna Heinicke &amp; Lida Firat \u00a0&#8211; Kassiererin Liebe Eltern der Funkeschule, wir m\u00f6chten Ihnen auf diesem Wege gerne unseren F\u00f6rderverein der Funkeschule vorstellen&#8230;.<\/p>\n","protected":false},"author":3,"featured_media":0,"parent":0,"menu_order":0,"comment_status":"closed","ping_status":"closed","template":"","meta":[],"_links":{"self":[{"href":"https:\/\/funke-grundschule.de\/index.php?rest_route=\/wp\/v2\/pages\/83"}],"collection":[{"href":"https:\/\/funke-grundschule.de\/index.php?rest_route=\/wp\/v2\/pages"}],"about":[{"href":"https:\/\/funke-grundschule.de\/index.php?rest_route=\/wp\/v2\/types\/page"}],"author":[{"embeddable":true,"href":"https:\/\/funke-grundschule.de\/index.php?rest_route=\/wp\/v2\/users\/3"}],"replies":[{"embeddable":true,"href":"https:\/\/funke-grundschule.de\/index.php?rest_route=%2Fwp%2Fv2%2Fcomments&post=83"}],"version-history":[{"count":59,"href":"https:\/\/funke-grundschule.de\/index.php?rest_route=\/wp\/v2\/pages\/83\/revisions"}],"predecessor-version":[{"id":8011,"href":"https:\/\/funke-grundschule.de\/index.php?rest_route=\/wp\/v2\/pages\/83\/revisions\/8011"}],"wp:attachment":[{"href":"https:\/\/funke-grundschule.de\/index.php?rest_route=%2Fwp%2Fv2%2Fmedia&parent=83"}],"curies":[{"name":"wp","href":"https:\/\/api.w.org\/{rel}","templated":true}]}}