{"id":5966,"date":"2022-08-15T08:15:49","date_gmt":"2022-08-15T06:15:49","guid":{"rendered":"https:\/\/funke-grundschule.de\/?page_id=5966"},"modified":"2025-02-05T15:42:15","modified_gmt":"2025-02-05T14:42:15","slug":"bildungs-und-teilhabepaket-but%ef%bf%bc","status":"publish","type":"page","link":"https:\/\/funke-grundschule.de\/?page_id=5966","title":{"rendered":"Bildungs- und Teilhabepaket (BuT)\ufffc"},"content":{"rendered":"\n<p class=\"has-text-align-left\"><strong>Infos zum Bildungs- und Teilhabegesetz:<br><\/strong>Liebe Eltern der Funkeschule, hier ein paar Informationen wann und wie Sie Unterst\u00fctzung<br>bekommen k\u00f6nnen:<\/p>\n\n\n\n<div style=\"height:0px\" aria-hidden=\"true\" class=\"wp-block-spacer\"><\/div>\n\n\n\n<p><strong>Wer ist anspruchsberechtigt \/ kann Leistungen bekommen?<\/strong><\/p>\n\n\n\n<ul><li>Leistungsempf\u00e4nger nach dem SGB II und dem 3. Kapitel SGB XII <\/li><li>Bezieher<em>innen von Kindergeldzuschlag und Wohngeld <\/em><\/li><li><em>Empf\u00e4nger<\/em>innen von Leistungen gem. \u00a7 2 und \u00a7 3 AsylbLG<\/li><\/ul>\n\n\n\n<p><\/p>\n\n\n<p><!-- \/wp:paragraph --><\/p>\n<p><!-- wp:paragraph --><\/p>\n<p><strong>Welche Leistungen k\u00f6nnen beantragt werden?<\/strong><!-- \/wp:paragraph --><!-- wp:list --><\/p>\n<ul>\n<li>Eint\u00e4gige Ausfl\u00fcge und Mehrt\u00e4gige Fahrten<\/li>\n<li>Lernf\u00f6rderung<\/li>\n<li>Mittagsverpflegung<\/li>\n<li>Soziale und kulturelle Teilhabe (15 \u20ac pro Monat f\u00fcr die Musikschule, Schach AG, Sportvereine)<\/li>\n<li>Schulbedarf (Materialien f\u00fcr die Schule)<br \/><strong>130,00 Euro f\u00fcr das erste Schulhalbjahr<br \/>\u00a065,00 Euro f\u00fcr das zweite Schulhalbjahr<\/strong><\/li>\n<\/ul>\n<blockquote>\n<p><strong>WICHTIG:<\/strong> Wenn Sie den <strong>Kinderzuschlag oder Wohngeld<\/strong> bekommen, m\u00fcssen Sie jedes Jahr! einen extra Antrag f\u00fcr Schulbedarf sowie soziale und kulturelle Teilhabe ausf\u00fcllen. Wenn Sie den Kinderzuschlag oder Wohngeld bekommen, m\u00fcssen Sie davon das B\u00fcchergeld bis Ende Mai f\u00fcr die Schule bezahlen. <strong>Alle anderen Leistungsempf\u00e4nger*innen bekommen das Geld im August und Februar auf ihr Konto ausgezahlt. Aber nur wenn der Bescheid aktuell ist.<\/strong><\/p>\n<\/blockquote>\n<p>Bitte geben Sie immer eine Kopie des aktuellen Bescheids\u00a0 vom (Jobcenter, Familienkasse, Wohngeld oder AsylblG)\u00a0im Sekretariat ab oder schicken ein Foto als Scan an<br \/><a href=\"mailto:funke-grundschule@stadtdo.de\">funke-grundschule@stadtdo.de<\/a>\u00a0<\/p>\n<p>Sie k\u00f6nnen auch selbst die Antr\u00e4ge an das Sozialamt schicken: Dazu einfach den Antrag ausf\u00fcllen,<br \/>einscannen und an <a href=\"mailto:bildungspaket@stadtdo.de\">bildungspaket@stadtdo.de<\/a> schicken.<\/p>\n<hr \/>\n<p><strong><em>Weitere Informationen und die Antr\u00e4ge finden Sie unter:<\/em><\/strong><br \/><a href=\"https:\/\/www.dortmund.de\/services\/bedarf-fuer-bildung-und-teilhabe.html\" target=\"_blank\" rel=\"noopener\">https:\/\/www.dortmund.de\/de\/leben_in_dortmund\/familie_und_soziales\/sozialamt\/leistungen_fuer_bildung_und_teilhabe\/index.html<\/a><\/p>","protected":false},"excerpt":{"rendered":"<p>Infos zum Bildungs- und Teilhabegesetz:Liebe Eltern der Funkeschule, hier ein paar Informationen wann und wie Sie Unterst\u00fctzungbekommen k\u00f6nnen: Wer ist anspruchsberechtigt \/ kann Leistungen bekommen? Leistungsempf\u00e4nger nach dem SGB II und dem 3. Kapitel SGB XII Bezieherinnen von Kindergeldzuschlag und&#8230;<\/p>\n","protected":false},"author":3,"featured_media":0,"parent":0,"menu_order":0,"comment_status":"closed","ping_status":"closed","template":"","meta":[],"_links":{"self":[{"href":"https:\/\/funke-grundschule.de\/index.php?rest_route=\/wp\/v2\/pages\/5966"}],"collection":[{"href":"https:\/\/funke-grundschule.de\/index.php?rest_route=\/wp\/v2\/pages"}],"about":[{"href":"https:\/\/funke-grundschule.de\/index.php?rest_route=\/wp\/v2\/types\/page"}],"author":[{"embeddable":true,"href":"https:\/\/funke-grundschule.de\/index.php?rest_route=\/wp\/v2\/users\/3"}],"replies":[{"embeddable":true,"href":"https:\/\/funke-grundschule.de\/index.php?rest_route=%2Fwp%2Fv2%2Fcomments&post=5966"}],"version-history":[{"count":29,"href":"https:\/\/funke-grundschule.de\/index.php?rest_route=\/wp\/v2\/pages\/5966\/revisions"}],"predecessor-version":[{"id":7702,"href":"https:\/\/funke-grundschule.de\/index.php?rest_route=\/wp\/v2\/pages\/5966\/revisions\/7702"}],"wp:attachment":[{"href":"https:\/\/funke-grundschule.de\/index.php?rest_route=%2Fwp%2Fv2%2Fmedia&parent=5966"}],"curies":[{"name":"wp","href":"https:\/\/api.w.org\/{rel}","templated":true}]}}