{"id":5195,"date":"2021-10-05T16:53:16","date_gmt":"2021-10-05T14:53:16","guid":{"rendered":"http:\/\/funke-grundschule.de\/?page_id=5195"},"modified":"2024-11-13T15:59:57","modified_gmt":"2024-11-13T14:59:57","slug":"joghurtpause","status":"publish","type":"page","link":"https:\/\/funke-grundschule.de\/?page_id=5195","title":{"rendered":"Joghurtpause"},"content":{"rendered":"\n<p>Seit dem Schuljahr 2021\/22 nehmen wir am Schulmilch-Programm im Rahmen des EU-Schulprogramms NRW f\u00fcr Obst, Gem\u00fcse und Milch vom Ministerium f\u00fcr Umwelt, Landwirtschaft, Natur- und Verbraucherschutz des Landes NRW teil. <br>Das Programm wird durch EU-Subventionen gef\u00f6rdert.<br><\/p>\n\n\n\n<p>In jeder Klasse wird eine w\u00f6chentliche Joghurtpause durchgef\u00fchrt. Die Kinder bekommen dazu durch eine Lehrkraft Joghurt in ein Sch\u00e4lchen gef\u00fcllt. Wahlweise kann zum Joghurt Obst aus unserem Schulobstprojekt oder teilweise eine kleine Portion Honig dazu genommen werden. Auch in der OGS wird zus\u00e4tzlicher Joghurt ausgegeben.<\/p>\n\n\n\n<p><br>Der Naturjoghurt wird von der Firma Friesland Campina (Landliebe) geliefert und in einem von der Firma kostenlos zur Verf\u00fcgung gestellten K\u00fchlschrank gelagert.<\/p>\n\n\n\n<figure class=\"wp-container-2 wp-block-gallery-1 wp-block-gallery has-nested-images columns-default is-cropped\">\n<figure class=\"wp-block-image size-large\"><a  href=\"https:\/\/funke-grundschule.de\/wp-content\/uploads\/2021\/10\/Joghurt.jpg\" data-rel=\"lightbox-gallery-0\" data-rl_title=\"\" data-rl_caption=\"\" title=\"\"><img loading=\"lazy\" width=\"670\" height=\"555\" data-id=\"5187\"  src=\"http:\/\/funke-grundschule.de\/wp-content\/uploads\/2021\/10\/Joghurt.jpg\" alt=\"\" class=\"wp-image-5187\" srcset=\"https:\/\/funke-grundschule.de\/wp-content\/uploads\/2021\/10\/Joghurt.jpg 670w, https:\/\/funke-grundschule.de\/wp-content\/uploads\/2021\/10\/Joghurt-300x249.jpg 300w\" sizes=\"(max-width: 670px) 100vw, 670px\" \/><\/a><\/figure>\n\n\n\n<figure class=\"wp-block-image size-large\"><a  href=\"https:\/\/funke-grundschule.de\/wp-content\/uploads\/2021\/10\/20211001_101524-scaled.jpg\" data-rel=\"lightbox-gallery-0\" data-rl_title=\"\" data-rl_caption=\"\" title=\"\"><img loading=\"lazy\" width=\"768\" height=\"1024\" data-id=\"5190\"  src=\"http:\/\/funke-grundschule.de\/wp-content\/uploads\/2021\/10\/20211001_101524-768x1024.jpg\" alt=\"\" class=\"wp-image-5190\" srcset=\"https:\/\/funke-grundschule.de\/wp-content\/uploads\/2021\/10\/20211001_101524-768x1024.jpg 768w, https:\/\/funke-grundschule.de\/wp-content\/uploads\/2021\/10\/20211001_101524-225x300.jpg 225w, https:\/\/funke-grundschule.de\/wp-content\/uploads\/2021\/10\/20211001_101524-1152x1536.jpg 1152w, https:\/\/funke-grundschule.de\/wp-content\/uploads\/2021\/10\/20211001_101524-1536x2048.jpg 1536w, https:\/\/funke-grundschule.de\/wp-content\/uploads\/2021\/10\/20211001_101524-scaled.jpg 1920w\" sizes=\"(max-width: 768px) 100vw, 768px\" \/><\/a><\/figure>\n\n\n\n<figure class=\"wp-block-image size-large\"><a  href=\"https:\/\/funke-grundschule.de\/wp-content\/uploads\/2021\/10\/20211001_101509-scaled.jpg\" data-rel=\"lightbox-gallery-0\" data-rl_title=\"\" data-rl_caption=\"\" title=\"\"><img loading=\"lazy\" width=\"768\" height=\"1024\" data-id=\"5189\"  src=\"http:\/\/funke-grundschule.de\/wp-content\/uploads\/2021\/10\/20211001_101509-768x1024.jpg\" alt=\"\" class=\"wp-image-5189\" srcset=\"https:\/\/funke-grundschule.de\/wp-content\/uploads\/2021\/10\/20211001_101509-768x1024.jpg 768w, https:\/\/funke-grundschule.de\/wp-content\/uploads\/2021\/10\/20211001_101509-225x300.jpg 225w, https:\/\/funke-grundschule.de\/wp-content\/uploads\/2021\/10\/20211001_101509-1152x1536.jpg 1152w, https:\/\/funke-grundschule.de\/wp-content\/uploads\/2021\/10\/20211001_101509-1536x2048.jpg 1536w, https:\/\/funke-grundschule.de\/wp-content\/uploads\/2021\/10\/20211001_101509-scaled.jpg 1920w\" sizes=\"(max-width: 768px) 100vw, 768px\" \/><\/a><\/figure>\n\n\n\n<figure class=\"wp-block-image size-large\"><a  href=\"https:\/\/funke-grundschule.de\/wp-content\/uploads\/2021\/10\/joghurt2-scaled.jpg\" data-rel=\"lightbox-gallery-0\" data-rl_title=\"\" data-rl_caption=\"\" title=\"\"><img loading=\"lazy\" width=\"1024\" height=\"768\" data-id=\"5188\"  src=\"http:\/\/funke-grundschule.de\/wp-content\/uploads\/2021\/10\/joghurt2-1024x768.jpg\" alt=\"\" class=\"wp-image-5188\" srcset=\"https:\/\/funke-grundschule.de\/wp-content\/uploads\/2021\/10\/joghurt2-1024x768.jpg 1024w, https:\/\/funke-grundschule.de\/wp-content\/uploads\/2021\/10\/joghurt2-300x225.jpg 300w, https:\/\/funke-grundschule.de\/wp-content\/uploads\/2021\/10\/joghurt2-768x576.jpg 768w, https:\/\/funke-grundschule.de\/wp-content\/uploads\/2021\/10\/joghurt2-1536x1152.jpg 1536w, https:\/\/funke-grundschule.de\/wp-content\/uploads\/2021\/10\/joghurt2-2048x1536.jpg 2048w\" sizes=\"(max-width: 1024px) 100vw, 1024px\" \/><\/a><\/figure>\n<\/figure>\n","protected":false},"excerpt":{"rendered":"<p>Seit dem Schuljahr 2021\/22 nehmen wir am Schulmilch-Programm im Rahmen des EU-Schulprogramms NRW f\u00fcr Obst, Gem\u00fcse und Milch vom Ministerium f\u00fcr Umwelt, Landwirtschaft, Natur- und Verbraucherschutz des Landes NRW teil. Das Programm wird durch EU-Subventionen gef\u00f6rdert. In jeder Klasse wird&#8230;<\/p>\n","protected":false},"author":3,"featured_media":0,"parent":0,"menu_order":0,"comment_status":"closed","ping_status":"closed","template":"","meta":[],"_links":{"self":[{"href":"https:\/\/funke-grundschule.de\/index.php?rest_route=\/wp\/v2\/pages\/5195"}],"collection":[{"href":"https:\/\/funke-grundschule.de\/index.php?rest_route=\/wp\/v2\/pages"}],"about":[{"href":"https:\/\/funke-grundschule.de\/index.php?rest_route=\/wp\/v2\/types\/page"}],"author":[{"embeddable":true,"href":"https:\/\/funke-grundschule.de\/index.php?rest_route=\/wp\/v2\/users\/3"}],"replies":[{"embeddable":true,"href":"https:\/\/funke-grundschule.de\/index.php?rest_route=%2Fwp%2Fv2%2Fcomments&post=5195"}],"version-history":[{"count":2,"href":"https:\/\/funke-grundschule.de\/index.php?rest_route=\/wp\/v2\/pages\/5195\/revisions"}],"predecessor-version":[{"id":7626,"href":"https:\/\/funke-grundschule.de\/index.php?rest_route=\/wp\/v2\/pages\/5195\/revisions\/7626"}],"wp:attachment":[{"href":"https:\/\/funke-grundschule.de\/index.php?rest_route=%2Fwp%2Fv2%2Fmedia&parent=5195"}],"curies":[{"name":"wp","href":"https:\/\/api.w.org\/{rel}","templated":true}]}}