{"id":4571,"date":"2020-09-24T12:49:00","date_gmt":"2020-09-24T10:49:00","guid":{"rendered":"http:\/\/funke-grundschule.de\/?page_id=4571"},"modified":"2024-11-13T15:55:45","modified_gmt":"2024-11-13T14:55:45","slug":"demokratiefoerderung-an-der-funkeschule","status":"publish","type":"page","link":"https:\/\/funke-grundschule.de\/?page_id=4571","title":{"rendered":"Demokratief\u00f6rderung an der Funkeschule"},"content":{"rendered":"\n<figure class=\"wp-block-image size-large\"><img loading=\"lazy\" width=\"1024\" height=\"683\" src=\"http:\/\/funke-grundschule.de\/wp-content\/uploads\/2020\/09\/DSCF5065_klein-1024x683.jpg\" alt=\"\" class=\"wp-image-4592\" srcset=\"https:\/\/funke-grundschule.de\/wp-content\/uploads\/2020\/09\/DSCF5065_klein-1024x683.jpg 1024w, https:\/\/funke-grundschule.de\/wp-content\/uploads\/2020\/09\/DSCF5065_klein-300x200.jpg 300w, https:\/\/funke-grundschule.de\/wp-content\/uploads\/2020\/09\/DSCF5065_klein-768x512.jpg 768w, https:\/\/funke-grundschule.de\/wp-content\/uploads\/2020\/09\/DSCF5065_klein-1536x1024.jpg 1536w, https:\/\/funke-grundschule.de\/wp-content\/uploads\/2020\/09\/DSCF5065_klein-2048x1365.jpg 2048w\" sizes=\"(max-width: 1024px) 100vw, 1024px\" \/><\/figure>\n\n\n\n<p><\/p>\n\n\n\n<p>Als Gemeinschaftsgrundschule und Mitglied f\u00fcr Schule ohne Rassismus, Schule f\u00fcr Courage geh\u00f6rt Vielfalt und die Demokratieerziehung zum t\u00e4glichen Erleben der Kinder und des gesamten Schulteams. Dar\u00fcber hinaus ist es der Verantwortungsgemeinschaft in der Funkeschule wichtig, durch verschiedene Projekte, AG\u2018s und Veranstaltungen die Kinder und ihre Familie ganzheitlich zu begleiten und zu&nbsp;f\u00f6rdern. <\/p>\n\n\n\n<p><\/p>\n\n\n\n<p><\/p>\n\n\n\n<p><\/p>\n\n\n\n<p><strong>Das Klassensprecher*innentreffen<\/strong><\/p>\n\n\n\n<ul><li>findet alle 4 Wochen statt<\/li><li>Zusammen mit Frau Thewes (Sonderp\u00e4dagogin) <\/li><\/ul>\n\n\n\n<p><strong>Aktuell:<\/strong> die Kinder der Klasse 4 w\u00fcnschen sich neues Spielzeug f\u00fcr ihr Klassen und haben zusammen einen Antrag an den F\u00f6rderverein geschrieben. <\/p>\n\n\n\n<figure class=\"wp-block-image size-large\"><img loading=\"lazy\" width=\"1024\" height=\"768\" src=\"http:\/\/funke-grundschule.de\/wp-content\/uploads\/2019\/06\/IMG_20190524_085934-1024x768.jpg\" alt=\"\" class=\"wp-image-2597\" srcset=\"https:\/\/funke-grundschule.de\/wp-content\/uploads\/2019\/06\/IMG_20190524_085934-1024x768.jpg 1024w, https:\/\/funke-grundschule.de\/wp-content\/uploads\/2019\/06\/IMG_20190524_085934-300x225.jpg 300w, https:\/\/funke-grundschule.de\/wp-content\/uploads\/2019\/06\/IMG_20190524_085934-768x576.jpg 768w\" sizes=\"(max-width: 1024px) 100vw, 1024px\" \/><figcaption>Die Klassensprecher*innen aus dem Schuljahr 2019\/2020<\/figcaption><\/figure>\n\n\n\n<p><strong>Idee:<\/strong><br>Die einzelnen Klassen w\u00e4hlen einen Klassensprecher\/ eine Klassensprecherin. Die beiden Sch\u00fcler\/innen nehmen einmal monatlich an dem Klassensprecher*innentreffen teil. Im Rahmen der Demokratieerziehung werden die Kinder in ihrer Meinungsbildung gef\u00f6rdert und in der Entscheidungsfindung unterst\u00fctzt.<\/p>\n\n\n\n<p>Ihre Ideen stehen an erster Stelle und es wird zusammen \u00fcberlegt, wie diese Ideen umgesetzt werden k\u00f6nnen. Dabei lernen die Kinder, die verschiedenen Prozesse vom Erkennen eines Problems, bis zum Finden einer L\u00f6sung kleinschrittig kennen und sind am Prozess dauerhaft beteiligt. Ziel ist es auf Dauer ein Sch\u00fclerparlament einzurichten.<\/p>\n\n\n\n<p><\/p>\n\n\n\n<p><\/p>\n\n\n\n<p><strong>Der Klassenrat <\/strong><\/p>\n\n\n\n<p><strong>Idee: <\/strong>Beim Klassenrat beraten, diskutieren und entscheiden Sch\u00fclerinnen und Sch\u00fcler \u00fcber wichtige Themen des Zusammenlebens. Ziel ist es die Gemeinschaft zu f\u00f6rdern und erste Einblicke in demokratische Prozesse zu erm\u00f6glichen. <\/p>\n\n\n\n<p>Weiterhin nehmen wir regelm\u00e4\u00dfig an Aktionen wie die Mitgestaltung der Stadtbahn U43 im Schuljahr 2018noder den  <a href=\"http:\/\/funke-grundschule.de\/?p=3106\">Dortmunder Demokratietagen<\/a> teil.<\/p>\n\n\n\n<p><\/p>\n\n\n\n<p><\/p>\n\n\n\n<p><strong>Stadtbahnwagenaktion: Wir gestalten die U43 mit. <\/strong><\/p>\n\n\n\n<p>Im Rahmen des Projektes: Stadtbahnwagen &#8211; Aktion, gab es im Schuljahr 2018\/2019 eine AG zur Gestaltung der U- Bahn Linie 43. Dabei sollten die Kinder ein Bild malen, auf dem sie die Themen Zukunft, Gemeinschaft und Vielfalt und Demokratie auf einem Bild darstellen. Anschlie\u00dfend wurden die Bilder der Kinder in Kooperation mit vielen weiteren Schulen und der DSW 21 als Schaubild auf der Stadtbahn der U43 ver\u00f6ffentlicht.<\/p>\n\n\n\n<figure class=\"wp-block-image size-large\"><img loading=\"lazy\" width=\"1024\" height=\"766\" src=\"http:\/\/funke-grundschule.de\/wp-content\/uploads\/2019\/08\/Lisa-Evelyn-1024x766.jpg\" alt=\"\" class=\"wp-image-2692\" srcset=\"https:\/\/funke-grundschule.de\/wp-content\/uploads\/2019\/08\/Lisa-Evelyn-1024x766.jpg 1024w, https:\/\/funke-grundschule.de\/wp-content\/uploads\/2019\/08\/Lisa-Evelyn-300x225.jpg 300w, https:\/\/funke-grundschule.de\/wp-content\/uploads\/2019\/08\/Lisa-Evelyn-768x575.jpg 768w, https:\/\/funke-grundschule.de\/wp-content\/uploads\/2019\/08\/Lisa-Evelyn.jpg 1387w\" sizes=\"(max-width: 1024px) 100vw, 1024px\" \/><\/figure>\n\n\n\n<figure class=\"wp-block-image size-large\"><img loading=\"lazy\" width=\"768\" height=\"1024\" src=\"http:\/\/funke-grundschule.de\/wp-content\/uploads\/2019\/08\/Evelyn-Foto-Stadtbahn-e1566899479884-768x1024.jpg\" alt=\"\" class=\"wp-image-2691\" srcset=\"https:\/\/funke-grundschule.de\/wp-content\/uploads\/2019\/08\/Evelyn-Foto-Stadtbahn-e1566899479884-768x1024.jpg 768w, https:\/\/funke-grundschule.de\/wp-content\/uploads\/2019\/08\/Evelyn-Foto-Stadtbahn-e1566899479884-225x300.jpg 225w, https:\/\/funke-grundschule.de\/wp-content\/uploads\/2019\/08\/Evelyn-Foto-Stadtbahn-e1566899479884.jpg 1982w\" sizes=\"(max-width: 768px) 100vw, 768px\" \/><\/figure>\n\n\n\n<p><\/p>\n","protected":false},"excerpt":{"rendered":"<p>Als Gemeinschaftsgrundschule und Mitglied f\u00fcr Schule ohne Rassismus, Schule f\u00fcr Courage geh\u00f6rt Vielfalt und die Demokratieerziehung zum t\u00e4glichen Erleben der Kinder und des gesamten Schulteams. Dar\u00fcber hinaus ist es der Verantwortungsgemeinschaft in der Funkeschule wichtig, durch verschiedene Projekte, AG\u2018s und&#8230;<\/p>\n","protected":false},"author":3,"featured_media":0,"parent":0,"menu_order":0,"comment_status":"closed","ping_status":"closed","template":"","meta":[],"_links":{"self":[{"href":"https:\/\/funke-grundschule.de\/index.php?rest_route=\/wp\/v2\/pages\/4571"}],"collection":[{"href":"https:\/\/funke-grundschule.de\/index.php?rest_route=\/wp\/v2\/pages"}],"about":[{"href":"https:\/\/funke-grundschule.de\/index.php?rest_route=\/wp\/v2\/types\/page"}],"author":[{"embeddable":true,"href":"https:\/\/funke-grundschule.de\/index.php?rest_route=\/wp\/v2\/users\/3"}],"replies":[{"embeddable":true,"href":"https:\/\/funke-grundschule.de\/index.php?rest_route=%2Fwp%2Fv2%2Fcomments&post=4571"}],"version-history":[{"count":17,"href":"https:\/\/funke-grundschule.de\/index.php?rest_route=\/wp\/v2\/pages\/4571\/revisions"}],"predecessor-version":[{"id":7512,"href":"https:\/\/funke-grundschule.de\/index.php?rest_route=\/wp\/v2\/pages\/4571\/revisions\/7512"}],"wp:attachment":[{"href":"https:\/\/funke-grundschule.de\/index.php?rest_route=%2Fwp%2Fv2%2Fmedia&parent=4571"}],"curies":[{"name":"wp","href":"https:\/\/api.w.org\/{rel}","templated":true}]}}