{"id":4546,"date":"2020-09-21T21:57:01","date_gmt":"2020-09-21T19:57:01","guid":{"rendered":"http:\/\/funke-grundschule.de\/?page_id=4546"},"modified":"2024-11-13T16:00:06","modified_gmt":"2024-11-13T15:00:06","slug":"kitz-do","status":"publish","type":"page","link":"https:\/\/funke-grundschule.de\/?page_id=4546","title":{"rendered":"KITZ.do"},"content":{"rendered":"\n<p>In Kooperation mit dem M\u00fctterzentrum Dorstfeld und dem KITZ.do bieten wir zwei AGs an.&nbsp;<\/p>\n\n\n\n<p>In der Forscher-AG probieren 3.Kl\u00e4ssler viele verschiedene spannende Experimente aus den Bereichen der Physik und Chemie aus und lernen diese zu erkl\u00e4ren.<\/p>\n\n\n\n<p><a rel=\"noreferrer noopener\" href=\"https:\/\/www.studienkreis.de\/infothek\/journal\/mint-foerderung-dortmund\/\" data-type=\"URL\" data-id=\"https:\/\/www.studienkreis.de\/infothek\/journal\/mint-foerderung-dortmund\/\" target=\"_blank\"><strong>MINT F\u00f6rderung in Dortmund &#8211; Ratgeber<\/strong><\/a><\/p>\n\n\n\n<p><\/p>\n\n\n\n<figure class=\"wp-container-2 wp-block-gallery-1 wp-block-gallery has-nested-images columns-default is-cropped\">\n<figure class=\"wp-block-image size-large\"><a  href=\"https:\/\/funke-grundschule.de\/wp-content\/uploads\/2020\/09\/IMG_20200903_133840-scaled.jpg\" data-rel=\"lightbox-gallery-0\" data-rl_title=\"\" data-rl_caption=\"\" title=\"\"><img loading=\"lazy\" width=\"1024\" height=\"768\" data-id=\"4547\"  src=\"http:\/\/funke-grundschule.de\/wp-content\/uploads\/2020\/09\/IMG_20200903_133840-1024x768.jpg\" alt=\"\" class=\"wp-image-4547\" srcset=\"https:\/\/funke-grundschule.de\/wp-content\/uploads\/2020\/09\/IMG_20200903_133840-1024x768.jpg 1024w, https:\/\/funke-grundschule.de\/wp-content\/uploads\/2020\/09\/IMG_20200903_133840-300x225.jpg 300w, https:\/\/funke-grundschule.de\/wp-content\/uploads\/2020\/09\/IMG_20200903_133840-768x576.jpg 768w, https:\/\/funke-grundschule.de\/wp-content\/uploads\/2020\/09\/IMG_20200903_133840-1536x1152.jpg 1536w, https:\/\/funke-grundschule.de\/wp-content\/uploads\/2020\/09\/IMG_20200903_133840-2048x1536.jpg 2048w\" sizes=\"(max-width: 1024px) 100vw, 1024px\" \/><\/a><\/figure>\n\n\n\n<figure class=\"wp-block-image size-large\"><a  href=\"https:\/\/funke-grundschule.de\/wp-content\/uploads\/2020\/09\/IMG_20200903_134043-scaled.jpg\" data-rel=\"lightbox-gallery-0\" data-rl_title=\"\" data-rl_caption=\"\" title=\"\"><img loading=\"lazy\" width=\"768\" height=\"1024\" data-id=\"4548\"  src=\"http:\/\/funke-grundschule.de\/wp-content\/uploads\/2020\/09\/IMG_20200903_134043-768x1024.jpg\" alt=\"\" class=\"wp-image-4548\" srcset=\"https:\/\/funke-grundschule.de\/wp-content\/uploads\/2020\/09\/IMG_20200903_134043-768x1024.jpg 768w, https:\/\/funke-grundschule.de\/wp-content\/uploads\/2020\/09\/IMG_20200903_134043-225x300.jpg 225w, https:\/\/funke-grundschule.de\/wp-content\/uploads\/2020\/09\/IMG_20200903_134043-1152x1536.jpg 1152w, https:\/\/funke-grundschule.de\/wp-content\/uploads\/2020\/09\/IMG_20200903_134043-1536x2048.jpg 1536w, https:\/\/funke-grundschule.de\/wp-content\/uploads\/2020\/09\/IMG_20200903_134043-scaled.jpg 1920w\" sizes=\"(max-width: 768px) 100vw, 768px\" \/><\/a><\/figure>\n<\/figure>\n\n\n\n<p>4. Kl\u00e4ssler machen in der AG <em>Stadt der Zukunft<\/em> erste Erfahrungen mit dem Programmieren, hier z. B. programmieren sie einen eigenen kleinen Film.<\/p>\n\n\n\n<figure class=\"wp-container-4 wp-block-gallery-3 wp-block-gallery has-nested-images columns-default is-cropped\">\n<figure class=\"wp-block-image size-large\"><a  href=\"https:\/\/funke-grundschule.de\/wp-content\/uploads\/2020\/09\/IMG_20200903_134910-scaled.jpg\" data-rel=\"lightbox-gallery-0\" data-rl_title=\"\" data-rl_caption=\"\" title=\"\"><img loading=\"lazy\" width=\"1024\" height=\"768\" data-id=\"4549\"  src=\"http:\/\/funke-grundschule.de\/wp-content\/uploads\/2020\/09\/IMG_20200903_134910-1024x768.jpg\" alt=\"\" class=\"wp-image-4549\" srcset=\"https:\/\/funke-grundschule.de\/wp-content\/uploads\/2020\/09\/IMG_20200903_134910-1024x768.jpg 1024w, https:\/\/funke-grundschule.de\/wp-content\/uploads\/2020\/09\/IMG_20200903_134910-300x225.jpg 300w, https:\/\/funke-grundschule.de\/wp-content\/uploads\/2020\/09\/IMG_20200903_134910-768x576.jpg 768w, https:\/\/funke-grundschule.de\/wp-content\/uploads\/2020\/09\/IMG_20200903_134910-1536x1152.jpg 1536w, https:\/\/funke-grundschule.de\/wp-content\/uploads\/2020\/09\/IMG_20200903_134910-2048x1536.jpg 2048w\" sizes=\"(max-width: 1024px) 100vw, 1024px\" \/><\/a><figcaption>dav<\/figcaption><\/figure>\n<\/figure>\n","protected":false},"excerpt":{"rendered":"<p>In Kooperation mit dem M\u00fctterzentrum Dorstfeld und dem KITZ.do bieten wir zwei AGs an.&nbsp; In der Forscher-AG probieren 3.Kl\u00e4ssler viele verschiedene spannende Experimente aus den Bereichen der Physik und Chemie aus und lernen diese zu erkl\u00e4ren. MINT F\u00f6rderung in Dortmund&#8230;<\/p>\n","protected":false},"author":3,"featured_media":0,"parent":0,"menu_order":0,"comment_status":"closed","ping_status":"closed","template":"","meta":[],"_links":{"self":[{"href":"https:\/\/funke-grundschule.de\/index.php?rest_route=\/wp\/v2\/pages\/4546"}],"collection":[{"href":"https:\/\/funke-grundschule.de\/index.php?rest_route=\/wp\/v2\/pages"}],"about":[{"href":"https:\/\/funke-grundschule.de\/index.php?rest_route=\/wp\/v2\/types\/page"}],"author":[{"embeddable":true,"href":"https:\/\/funke-grundschule.de\/index.php?rest_route=\/wp\/v2\/users\/3"}],"replies":[{"embeddable":true,"href":"https:\/\/funke-grundschule.de\/index.php?rest_route=%2Fwp%2Fv2%2Fcomments&post=4546"}],"version-history":[{"count":2,"href":"https:\/\/funke-grundschule.de\/index.php?rest_route=\/wp\/v2\/pages\/4546\/revisions"}],"predecessor-version":[{"id":7236,"href":"https:\/\/funke-grundschule.de\/index.php?rest_route=\/wp\/v2\/pages\/4546\/revisions\/7236"}],"wp:attachment":[{"href":"https:\/\/funke-grundschule.de\/index.php?rest_route=%2Fwp%2Fv2%2Fmedia&parent=4546"}],"curies":[{"name":"wp","href":"https:\/\/api.w.org\/{rel}","templated":true}]}}