{"id":4421,"date":"2020-09-06T19:00:20","date_gmt":"2020-09-06T17:00:20","guid":{"rendered":"http:\/\/funke-grundschule.de\/?page_id=4421"},"modified":"2024-11-13T15:16:33","modified_gmt":"2024-11-13T14:16:33","slug":"acker-ag","status":"publish","type":"page","link":"https:\/\/funke-grundschule.de\/?page_id=4421","title":{"rendered":"Acker-AG"},"content":{"rendered":"\n<p>Im M\u00e4rz 2019 startete das ganzj\u00e4hrige theorie- und praxisorientierte Bildungsprogramm \u201eGem\u00fcseAckerdemie\u201c an unserer Schule. Ziel ist es, dem Wissens- und Kompetenzverlust der Sch\u00fcler und Sch\u00fclerinnen im Bereich Lebensmittelproduktion, der Entfremdung von der Natur, ungesunden Ern\u00e4hrungsgewohnheiten sowie Lebensmittelverschwendung entgegen zu wirken. Durch das Projekt soll die Wertsch\u00e4tzung nicht verarbeiteter Lebensmittel gesteigert werden. <\/p>\n\n\n\n<p>Dazu wurde 2019 durch Kinder, Eltern und Lehrer eine Rasenfl\u00e4che in einen Schulacker umgewandelt. Anschlie\u00dfend unterst\u00fctzte uns die Gem\u00fcseackerdemie bei der Aussaat und Anpflanzung diverser Gem\u00fcsesorten. Aus unserer Ernte haben wir gemeinsam leckere Speisen zubereitet.<\/p>\n\n\n\n<figure class=\"wp-container-2 wp-block-gallery-1 wp-block-gallery has-nested-images columns-default is-cropped\">\n<figure class=\"wp-block-image size-large\"><a  href=\"https:\/\/funke-grundschule.de\/wp-content\/uploads\/2019\/03\/IMG_3377a.jpg\" data-rel=\"lightbox-gallery-0\" data-rl_title=\"\" data-rl_caption=\"\" title=\"\"><img loading=\"lazy\" width=\"480\" height=\"640\" data-id=\"2459\"  src=\"http:\/\/funke-grundschule.de\/wp-content\/uploads\/2019\/03\/IMG_3377a.jpg\" alt=\"\" class=\"wp-image-2459\" srcset=\"https:\/\/funke-grundschule.de\/wp-content\/uploads\/2019\/03\/IMG_3377a.jpg 480w, https:\/\/funke-grundschule.de\/wp-content\/uploads\/2019\/03\/IMG_3377a-225x300.jpg 225w\" sizes=\"(max-width: 480px) 100vw, 480px\" \/><\/a><\/figure>\n\n\n\n<figure class=\"wp-block-image size-large\"><a  href=\"https:\/\/funke-grundschule.de\/wp-content\/uploads\/2019\/04\/B173DC99-DBFF-4D9B-BBCE-42472637B799-e1554924917552.jpeg\" data-rel=\"lightbox-gallery-0\" data-rl_title=\"\" data-rl_caption=\"\" title=\"\"><img loading=\"lazy\" width=\"768\" height=\"1024\" data-id=\"2493\"  src=\"http:\/\/funke-grundschule.de\/wp-content\/uploads\/2019\/04\/B173DC99-DBFF-4D9B-BBCE-42472637B799-e1554924917552-768x1024.jpeg\" alt=\"\" class=\"wp-image-2493\" srcset=\"https:\/\/funke-grundschule.de\/wp-content\/uploads\/2019\/04\/B173DC99-DBFF-4D9B-BBCE-42472637B799-e1554924917552-768x1024.jpeg 768w, https:\/\/funke-grundschule.de\/wp-content\/uploads\/2019\/04\/B173DC99-DBFF-4D9B-BBCE-42472637B799-e1554924917552-225x300.jpeg 225w\" sizes=\"(max-width: 768px) 100vw, 768px\" \/><\/a><\/figure>\n\n\n\n<figure class=\"wp-block-image size-large\"><a  href=\"https:\/\/funke-grundschule.de\/wp-content\/uploads\/2019\/04\/E5F1DE8C-7436-46AA-9148-C6612B7C904C-e1554924940868.jpeg\" data-rel=\"lightbox-gallery-0\" data-rl_title=\"\" data-rl_caption=\"\" title=\"\"><img loading=\"lazy\" width=\"768\" height=\"1024\" data-id=\"2494\"  src=\"http:\/\/funke-grundschule.de\/wp-content\/uploads\/2019\/04\/E5F1DE8C-7436-46AA-9148-C6612B7C904C-e1554924940868-768x1024.jpeg\" alt=\"\" class=\"wp-image-2494\" srcset=\"https:\/\/funke-grundschule.de\/wp-content\/uploads\/2019\/04\/E5F1DE8C-7436-46AA-9148-C6612B7C904C-e1554924940868-768x1024.jpeg 768w, https:\/\/funke-grundschule.de\/wp-content\/uploads\/2019\/04\/E5F1DE8C-7436-46AA-9148-C6612B7C904C-e1554924940868-225x300.jpeg 225w\" sizes=\"(max-width: 768px) 100vw, 768px\" \/><\/a><\/figure>\n\n\n\n<figure class=\"wp-block-image size-large\"><a  href=\"https:\/\/funke-grundschule.de\/wp-content\/uploads\/2019\/04\/584589C4-3F43-489B-AEA2-713B27B14AD6.jpeg\" data-rel=\"lightbox-gallery-0\" data-rl_title=\"\" data-rl_caption=\"\" title=\"\"><img loading=\"lazy\" width=\"1024\" height=\"768\" data-id=\"2492\"  src=\"http:\/\/funke-grundschule.de\/wp-content\/uploads\/2019\/04\/584589C4-3F43-489B-AEA2-713B27B14AD6-1024x768.jpeg\" alt=\"\" class=\"wp-image-2492\" srcset=\"https:\/\/funke-grundschule.de\/wp-content\/uploads\/2019\/04\/584589C4-3F43-489B-AEA2-713B27B14AD6-1024x768.jpeg 1024w, https:\/\/funke-grundschule.de\/wp-content\/uploads\/2019\/04\/584589C4-3F43-489B-AEA2-713B27B14AD6-300x225.jpeg 300w, https:\/\/funke-grundschule.de\/wp-content\/uploads\/2019\/04\/584589C4-3F43-489B-AEA2-713B27B14AD6-768x576.jpeg 768w\" sizes=\"(max-width: 1024px) 100vw, 1024px\" \/><\/a><\/figure>\n\n\n\n<figure class=\"wp-block-image size-large\"><a  href=\"https:\/\/funke-grundschule.de\/wp-content\/uploads\/2020\/09\/E908FDA1-1.jpg\" data-rel=\"lightbox-gallery-0\" data-rl_title=\"\" data-rl_caption=\"\" title=\"\"><img loading=\"lazy\" width=\"800\" height=\"600\" data-id=\"4422\"  src=\"http:\/\/funke-grundschule.de\/wp-content\/uploads\/2020\/09\/E908FDA1-1.jpg\" alt=\"\" class=\"wp-image-4422\" srcset=\"https:\/\/funke-grundschule.de\/wp-content\/uploads\/2020\/09\/E908FDA1-1.jpg 800w, https:\/\/funke-grundschule.de\/wp-content\/uploads\/2020\/09\/E908FDA1-1-300x225.jpg 300w, https:\/\/funke-grundschule.de\/wp-content\/uploads\/2020\/09\/E908FDA1-1-768x576.jpg 768w\" sizes=\"(max-width: 800px) 100vw, 800px\" \/><\/a><\/figure>\n\n\n\n<figure class=\"wp-block-image size-large\"><a  href=\"https:\/\/funke-grundschule.de\/wp-content\/uploads\/2020\/09\/IMG_41521.jpg\" data-rel=\"lightbox-gallery-0\" data-rl_title=\"\" data-rl_caption=\"\" title=\"\"><img loading=\"lazy\" width=\"1024\" height=\"768\" data-id=\"4423\"  src=\"http:\/\/funke-grundschule.de\/wp-content\/uploads\/2020\/09\/IMG_41521.jpg\" alt=\"\" class=\"wp-image-4423\" srcset=\"https:\/\/funke-grundschule.de\/wp-content\/uploads\/2020\/09\/IMG_41521.jpg 1024w, https:\/\/funke-grundschule.de\/wp-content\/uploads\/2020\/09\/IMG_41521-300x225.jpg 300w, https:\/\/funke-grundschule.de\/wp-content\/uploads\/2020\/09\/IMG_41521-768x576.jpg 768w\" sizes=\"(max-width: 1024px) 100vw, 1024px\" \/><\/a><\/figure>\n<\/figure>\n\n\n\n<p>An unserer Schule nehmen 11 Kinder aus der\n\u201eWillkommensklasse\u201c mit Deutsch als Zweit- oder Fremdsprache an der Ackerdemie\nteil. Im Rahmen der Arbeitsgemeinschaft findet eine intensive Sprachf\u00f6rderung \u2013\ninsbesondere der pragmatischen Kompetenzen \u2013 statt. <\/p>\n\n\n\n<p>Das Projekt wurde bundesweit wissenschaftlich begleitet und\ndie Ergebnisse wurden in einem Wirkungsbericht publiziert. Demnach<\/p>\n\n\n\n<ul><li>vertieften\n92 % der Kinder ihr Interesse am Gem\u00fcseanbau,<\/li><li>entwickelten\n87 % der Sch\u00fcler und Sch\u00fclerinnen mehr Wertsch\u00e4tzung f\u00fcr Gem\u00fcse,<\/li><li>a\u00dfen\n62 % der Teilnehmenden Gem\u00fcse, das ihnen vorher nicht geschmeckt hat,<\/li><li>w\u00fcrden\n72 % der Kinder auch gerne zu Hause Gem\u00fcse anbauen<a href=\"#_ftn1\">[1]<\/a>.\n<\/li><\/ul>\n\n\n\n<p><\/p>\n\n\n\n<hr class=\"wp-block-separator has-css-opacity\"\/>\n\n\n\n<p><a href=\"#_ftnref1\">[1]<\/a> vgl. https:\/\/www.gemueseackerdemie.de\/fileadmin\/Redaktion\/06_Ueber-uns\/PDFs\/GemueseAckerdemie_Wirkungsbericht_2019.pdf<\/p>\n","protected":false},"excerpt":{"rendered":"<p>Im M\u00e4rz 2019 startete das ganzj\u00e4hrige theorie- und praxisorientierte Bildungsprogramm \u201eGem\u00fcseAckerdemie\u201c an unserer Schule. Ziel ist es, dem Wissens- und Kompetenzverlust der Sch\u00fcler und Sch\u00fclerinnen im Bereich Lebensmittelproduktion, der Entfremdung von der Natur, ungesunden Ern\u00e4hrungsgewohnheiten sowie Lebensmittelverschwendung entgegen zu wirken&#8230;.<\/p>\n","protected":false},"author":3,"featured_media":0,"parent":0,"menu_order":0,"comment_status":"closed","ping_status":"closed","template":"","meta":[],"_links":{"self":[{"href":"https:\/\/funke-grundschule.de\/index.php?rest_route=\/wp\/v2\/pages\/4421"}],"collection":[{"href":"https:\/\/funke-grundschule.de\/index.php?rest_route=\/wp\/v2\/pages"}],"about":[{"href":"https:\/\/funke-grundschule.de\/index.php?rest_route=\/wp\/v2\/types\/page"}],"author":[{"embeddable":true,"href":"https:\/\/funke-grundschule.de\/index.php?rest_route=\/wp\/v2\/users\/3"}],"replies":[{"embeddable":true,"href":"https:\/\/funke-grundschule.de\/index.php?rest_route=%2Fwp%2Fv2%2Fcomments&post=4421"}],"version-history":[{"count":3,"href":"https:\/\/funke-grundschule.de\/index.php?rest_route=\/wp\/v2\/pages\/4421\/revisions"}],"predecessor-version":[{"id":7619,"href":"https:\/\/funke-grundschule.de\/index.php?rest_route=\/wp\/v2\/pages\/4421\/revisions\/7619"}],"wp:attachment":[{"href":"https:\/\/funke-grundschule.de\/index.php?rest_route=%2Fwp%2Fv2%2Fmedia&parent=4421"}],"curies":[{"name":"wp","href":"https:\/\/api.w.org\/{rel}","templated":true}]}}