{"id":4417,"date":"2020-09-06T18:36:21","date_gmt":"2020-09-06T16:36:21","guid":{"rendered":"http:\/\/funke-grundschule.de\/?page_id=4417"},"modified":"2024-12-18T10:46:41","modified_gmt":"2024-12-18T09:46:41","slug":"schach-ag","status":"publish","type":"page","link":"https:\/\/funke-grundschule.de\/?page_id=4417","title":{"rendered":"Schach-AG"},"content":{"rendered":"\n<p>Seit vielen Jahren findet die Schach- AG an\nunserer Schule statt. Im Jahr 2001 wurden wir mit einem Team sogar NRW-Meister\nin der Wettkampfklasse Grundschulen. Aber auch ohne so gro\u00dfe Titel bereitet das\nSchachspielen immer wieder Spa\u00df, und nicht nur das:<\/p>\n\n\n\n<p>Schach f\u00f6rdert die Intelligenz, die\nLeistungsmotivation und das Selbstbewusstsein. Vergleichsstudien haben\nnachgewiesen, dass regelm\u00e4\u00dfiges Schachspiel im Unterricht besonders auch bei\nschw\u00e4cheren Kindern die Leistungen in den F\u00e4chern Mathematik und Deutsch\nverbessert. Die Kinder haben Erfolgserlebnisse und sch\u00e4tzen ihre\nLeistungsf\u00e4higkeit h\u00f6her ein.<\/p>\n\n\n\n<p>Schach f\u00f6rdert das Denken, die\nKonzentrationsf\u00e4higkeit und die Pers\u00f6nlichkeitsentwicklung. Mit jedem Spiel\nhabe ich die Chance auf Erfolg, aber ich muss auch auch lernen, fair zu\nverlieren und dem Mitspieler den Erfolg zu g\u00f6nnen. Als Gewinner danke ich dem\nunterlegenen Gegner f\u00fcr das sch\u00f6ne Spiel und ermutige ihn, aus guten Spielz\u00fcgen\nzu lernen.<\/p>\n","protected":false},"excerpt":{"rendered":"<p>Seit vielen Jahren findet die Schach- AG an unserer Schule statt. Im Jahr 2001 wurden wir mit einem Team sogar NRW-Meister in der Wettkampfklasse Grundschulen. Aber auch ohne so gro\u00dfe Titel bereitet das Schachspielen immer wieder Spa\u00df, und nicht nur&#8230;<\/p>\n","protected":false},"author":3,"featured_media":0,"parent":0,"menu_order":0,"comment_status":"closed","ping_status":"closed","template":"","meta":[],"_links":{"self":[{"href":"https:\/\/funke-grundschule.de\/index.php?rest_route=\/wp\/v2\/pages\/4417"}],"collection":[{"href":"https:\/\/funke-grundschule.de\/index.php?rest_route=\/wp\/v2\/pages"}],"about":[{"href":"https:\/\/funke-grundschule.de\/index.php?rest_route=\/wp\/v2\/types\/page"}],"author":[{"embeddable":true,"href":"https:\/\/funke-grundschule.de\/index.php?rest_route=\/wp\/v2\/users\/3"}],"replies":[{"embeddable":true,"href":"https:\/\/funke-grundschule.de\/index.php?rest_route=%2Fwp%2Fv2%2Fcomments&post=4417"}],"version-history":[{"count":1,"href":"https:\/\/funke-grundschule.de\/index.php?rest_route=\/wp\/v2\/pages\/4417\/revisions"}],"predecessor-version":[{"id":4418,"href":"https:\/\/funke-grundschule.de\/index.php?rest_route=\/wp\/v2\/pages\/4417\/revisions\/4418"}],"wp:attachment":[{"href":"https:\/\/funke-grundschule.de\/index.php?rest_route=%2Fwp%2Fv2%2Fmedia&parent=4417"}],"curies":[{"name":"wp","href":"https:\/\/api.w.org\/{rel}","templated":true}]}}