{"id":3920,"date":"2020-04-23T08:42:00","date_gmt":"2020-04-23T06:42:00","guid":{"rendered":"http:\/\/funke-grundschule.de\/?page_id=3920"},"modified":"2024-12-18T10:44:29","modified_gmt":"2024-12-18T09:44:29","slug":"englisch","status":"publish","type":"page","link":"https:\/\/funke-grundschule.de\/?page_id=3920","title":{"rendered":"Englisch"},"content":{"rendered":"\n<p>Hier kommen ein paar Ideen und Anregungen f\u00fcr das Fach Englisch.<br>Es ist wichtig, dass du neue W\u00f6rter nicht alleine \u00fcbst, sondern, dass<br>du dir die W\u00f6rter immer richtig vorsprechen l\u00e4sst. Das geht ganz gut<br>mit einer App, einer Internetseite oder einem Buch mit H\u00f6rstift (Tiptoi, Bookii oder Ting).<\/p>\n\n\n\n<p><br><strong>Internetseiten: <\/strong> <br>Internetseite mit englischen (witzigen) Videos:<br><a href=\"https:\/\/www1.wdr.de\/mediathek\/video\/sendungen\/planet-schule\/video-david-and-red--clips-teil--102.html\" target=\"_blank\" rel=\"noreferrer noopener\" aria-label=\" (\u00f6ffnet in neuem Tab)\">https:\/\/www1.wdr.de\/mediathek\/video\/sendungen\/planet-schule\/video-david-and-red&#8211;clips-teil&#8211;102.html<\/a><br> <br>Internetseite mit Anregungen zum Lesen, Spielen, Basteln und vielem mehr:<br><a href=\"https:\/\/learnenglishkids.britishcouncil.org\/\" target=\"_blank\" rel=\"noreferrer noopener\" aria-label=\" (\u00f6ffnet in neuem Tab)\">https:\/\/learnenglishkids.britishcouncil.org\/<\/a><br> <br>Internetseite mit Spielen zum Vokabellernen (eher ab 4. Klasse):<br><a href=\"https:\/\/www.gamestolearnenglish.com\/\" target=\"_blank\" rel=\"noreferrer noopener\" aria-label=\" (\u00f6ffnet in neuem Tab)\">https:\/\/www.gamestolearnenglish.com\/<\/a><br> <br><strong>App<\/strong>:<br>Wizadora<br> <br><strong>B\u00fccher<\/strong>:<br>Schau einfach mal, welche B\u00fccher es zu deinem H\u00f6rstift gibt (Tiptoi,<br>Bookii oder Ting). <\/p>\n","protected":false},"excerpt":{"rendered":"<p>Hier kommen ein paar Ideen und Anregungen f\u00fcr das Fach Englisch.Es ist wichtig, dass du neue W\u00f6rter nicht alleine \u00fcbst, sondern, dassdu dir die W\u00f6rter immer richtig vorsprechen l\u00e4sst. Das geht ganz gutmit einer App, einer Internetseite oder einem Buch&#8230;<\/p>\n","protected":false},"author":3,"featured_media":0,"parent":0,"menu_order":0,"comment_status":"closed","ping_status":"closed","template":"","meta":[],"_links":{"self":[{"href":"https:\/\/funke-grundschule.de\/index.php?rest_route=\/wp\/v2\/pages\/3920"}],"collection":[{"href":"https:\/\/funke-grundschule.de\/index.php?rest_route=\/wp\/v2\/pages"}],"about":[{"href":"https:\/\/funke-grundschule.de\/index.php?rest_route=\/wp\/v2\/types\/page"}],"author":[{"embeddable":true,"href":"https:\/\/funke-grundschule.de\/index.php?rest_route=\/wp\/v2\/users\/3"}],"replies":[{"embeddable":true,"href":"https:\/\/funke-grundschule.de\/index.php?rest_route=%2Fwp%2Fv2%2Fcomments&post=3920"}],"version-history":[{"count":3,"href":"https:\/\/funke-grundschule.de\/index.php?rest_route=\/wp\/v2\/pages\/3920\/revisions"}],"predecessor-version":[{"id":3995,"href":"https:\/\/funke-grundschule.de\/index.php?rest_route=\/wp\/v2\/pages\/3920\/revisions\/3995"}],"wp:attachment":[{"href":"https:\/\/funke-grundschule.de\/index.php?rest_route=%2Fwp%2Fv2%2Fmedia&parent=3920"}],"curies":[{"name":"wp","href":"https:\/\/api.w.org\/{rel}","templated":true}]}}