{"id":368,"date":"2017-09-13T15:04:49","date_gmt":"2017-09-13T13:04:49","guid":{"rendered":"http:\/\/funke-grundschule.de\/?page_id=368"},"modified":"2025-04-28T08:31:30","modified_gmt":"2025-04-28T06:31:30","slug":"betreuung-durch-schulbegleiter","status":"publish","type":"page","link":"https:\/\/funke-grundschule.de\/?page_id=368","title":{"rendered":"Betreuung durch Schulbegleitung"},"content":{"rendered":"<p>Schulbegleitung steht\u00a0den Sch\u00fclerinnen und Sch\u00fclern zu, die aufgrund einer Behinderung oder Entwicklungsst\u00f6rung beim Schulbesuch auf unmittelbare, individuelle Unterst\u00fctzung angewiesen sind.<\/p>\n<p>Eine Schulbegleitung ist w\u00e4hrend eines Teils oder auch w\u00e4hrend der gesamten Schulzeit bei der Sch\u00fclerin oder dem Sch\u00fcler und leistet der Behinderung oder Entwicklungsst\u00f6rung angemessene, kompensierende Hilfestellung. Die Person leistet p\u00e4dagogische und lebenspraktische, sowie pflegerische Unterst\u00fctzung. Dar\u00fcber hinaus hilft sie bei der Integration innerhalb der Gruppe und wirkt deeskalierend. Ziel dieser Inklusionshilfe ist nat\u00fcrlich, dass das Kind soweit in seiner Selbst\u00e4ndigkeit gef\u00f6rdert und integriert wird, das letztlich eine Unterst\u00fctzung \u00fcberfl\u00fcssig wird.<\/p>\n<p>Gemeinsam mit der Sonderp\u00e4dagogin und der Klassenlehrkraft wird die Schulbegleitung an die Seite des zu unterst\u00fctzenden Kindes gestellt.<\/p>\n<p>Der Antragsteller sind die Erziehungsberechtigten des Kindes. F\u00fcr Kinder mit k\u00f6rperlichem- und\/ oder geistigen Beeintr\u00e4chtigungen ist das <strong>Sozialamt<\/strong> zust\u00e4ndig.<br \/>\n<strong style=\"font-size: inherit;\"><br \/>\nAdresse des Sozialamt:<br \/>\n<\/strong><span style=\"font-size: inherit;\">Sozialamt Fachdienst<br \/>\n<\/span><span style=\"font-size: inherit;\">Entenpoth 34, 44263 Dortmund<br \/>\n<\/span><span style=\"font-size: inherit;\">Email: eingliederungshilfe@stadtdo.de<br \/>\n<\/span><span style=\"font-size: inherit;\">Telefonnummern k\u00f6nnen Sie bei uns erfragen.<\/span><\/p>\n<p>Bei Hilfen bei seelischer Behinderung und von seelischer Behinderung bedrohter junger Menschen ist das Jugendamt zust\u00e4ndig.<\/p>\n<p>Jugendamt Fachstelle 35a<br \/>\nOstwall 64, 44135 Dortmund<br \/>\nEmail: jugendamt-schulbegleitung@stadtdo.de<br \/>\n<span style=\"font-size: inherit;\">Tel: 0231 \/ 50-10964<\/span><\/p>\n<p><strong>Sprechzeiten:<\/strong><br \/>\nMo &#8211; Fr, 08:30 Uhr &#8211; 12:00 Uhr<br \/>\nMo &#8211; Mi, 13:30 &#8211; 15:30<br \/>\nDo, 13:30 &#8211; 17:00<\/p>\n<p><strong>Wir unterst\u00fctzen Sie gerne bei der Beantragung einer Schulbegleitung.<\/strong><\/p>\n","protected":false},"excerpt":{"rendered":"<p>Schulbegleitung steht\u00a0den Sch\u00fclerinnen und Sch\u00fclern zu, die aufgrund einer Behinderung oder Entwicklungsst\u00f6rung beim Schulbesuch auf unmittelbare, individuelle Unterst\u00fctzung angewiesen sind. Eine Schulbegleitung ist w\u00e4hrend eines Teils oder auch w\u00e4hrend der gesamten Schulzeit bei der Sch\u00fclerin oder dem Sch\u00fcler und leistet&#8230;<\/p>\n","protected":false},"author":3,"featured_media":0,"parent":0,"menu_order":0,"comment_status":"closed","ping_status":"closed","template":"","meta":[],"_links":{"self":[{"href":"https:\/\/funke-grundschule.de\/index.php?rest_route=\/wp\/v2\/pages\/368"}],"collection":[{"href":"https:\/\/funke-grundschule.de\/index.php?rest_route=\/wp\/v2\/pages"}],"about":[{"href":"https:\/\/funke-grundschule.de\/index.php?rest_route=\/wp\/v2\/types\/page"}],"author":[{"embeddable":true,"href":"https:\/\/funke-grundschule.de\/index.php?rest_route=\/wp\/v2\/users\/3"}],"replies":[{"embeddable":true,"href":"https:\/\/funke-grundschule.de\/index.php?rest_route=%2Fwp%2Fv2%2Fcomments&post=368"}],"version-history":[{"count":8,"href":"https:\/\/funke-grundschule.de\/index.php?rest_route=\/wp\/v2\/pages\/368\/revisions"}],"predecessor-version":[{"id":7797,"href":"https:\/\/funke-grundschule.de\/index.php?rest_route=\/wp\/v2\/pages\/368\/revisions\/7797"}],"wp:attachment":[{"href":"https:\/\/funke-grundschule.de\/index.php?rest_route=%2Fwp%2Fv2%2Fmedia&parent=368"}],"curies":[{"name":"wp","href":"https:\/\/api.w.org\/{rel}","templated":true}]}}