{"id":3547,"date":"2020-03-04T11:58:33","date_gmt":"2020-03-04T10:58:33","guid":{"rendered":"http:\/\/funke-grundschule.de\/?page_id=3547"},"modified":"2024-12-18T10:48:18","modified_gmt":"2024-12-18T09:48:18","slug":"fussball-ag","status":"publish","type":"page","link":"https:\/\/funke-grundschule.de\/?page_id=3547","title":{"rendered":"Fu\u00dfball-AG"},"content":{"rendered":"\n<p><strong>Die M\u00e4dchenfu\u00dfball-AG<\/strong><br>In der Fu\u00dfball-AG  treffen sich rund 15 interessierte M\u00e4dchen, die Spa\u00df am Fu\u00dfball haben.  Jeden Donnerstag rollt der Ball f\u00fcr eine Stunde. Dabei steht der  Leistungsgedanke nicht im Vordergrund und wir nutzen die  \u201eJungsfreie-Zone\u201c, um gemeinsam Spa\u00df zu haben.&nbsp;Im April \/ Mai nehmen wir an den Stadtmeisterschaften teil und messen uns mit anderen Schulen.&nbsp;Die Nachfrage der M\u00e4dchen ist gro\u00df und wir w\u00fcrden uns freuen, wenn sich  Vereine in der N\u00e4he finden, die bereit w\u00e4ren eine M\u00e4dchen-Mannschaft  aufzubauen.&nbsp; <\/p>\n\n\n\n<figure class=\"wp-container-2 wp-block-gallery-1 wp-block-gallery has-nested-images columns-default is-cropped\">\n<figure class=\"wp-block-image size-large\"><a  href=\"https:\/\/funke-grundschule.de\/wp-content\/uploads\/2020\/04\/IMG_0233-scaled.jpg\" data-rel=\"lightbox-gallery-0\" data-rl_title=\"\" data-rl_caption=\"\" title=\"\"><img loading=\"lazy\" width=\"1024\" height=\"768\" data-id=\"3678\"  src=\"http:\/\/funke-grundschule.de\/wp-content\/uploads\/2020\/04\/IMG_0233-1024x768.jpg\" alt=\"\" class=\"wp-image-3678\" srcset=\"https:\/\/funke-grundschule.de\/wp-content\/uploads\/2020\/04\/IMG_0233-1024x768.jpg 1024w, https:\/\/funke-grundschule.de\/wp-content\/uploads\/2020\/04\/IMG_0233-300x225.jpg 300w, https:\/\/funke-grundschule.de\/wp-content\/uploads\/2020\/04\/IMG_0233-768x576.jpg 768w, https:\/\/funke-grundschule.de\/wp-content\/uploads\/2020\/04\/IMG_0233-1536x1152.jpg 1536w, https:\/\/funke-grundschule.de\/wp-content\/uploads\/2020\/04\/IMG_0233-2048x1536.jpg 2048w\" sizes=\"(max-width: 1024px) 100vw, 1024px\" \/><\/a><\/figure>\n\n\n\n<figure class=\"wp-block-image size-large\"><a  href=\"https:\/\/funke-grundschule.de\/wp-content\/uploads\/2020\/04\/IMG_0242-1-scaled.jpg\" data-rel=\"lightbox-gallery-0\" data-rl_title=\"\" data-rl_caption=\"\" title=\"\"><img loading=\"lazy\" width=\"1024\" height=\"644\" data-id=\"3681\"  src=\"http:\/\/funke-grundschule.de\/wp-content\/uploads\/2020\/04\/IMG_0242-1-1024x644.jpg\" alt=\"\" class=\"wp-image-3681\" srcset=\"https:\/\/funke-grundschule.de\/wp-content\/uploads\/2020\/04\/IMG_0242-1-1024x644.jpg 1024w, https:\/\/funke-grundschule.de\/wp-content\/uploads\/2020\/04\/IMG_0242-1-300x189.jpg 300w, https:\/\/funke-grundschule.de\/wp-content\/uploads\/2020\/04\/IMG_0242-1-768x483.jpg 768w, https:\/\/funke-grundschule.de\/wp-content\/uploads\/2020\/04\/IMG_0242-1-1536x965.jpg 1536w, https:\/\/funke-grundschule.de\/wp-content\/uploads\/2020\/04\/IMG_0242-1-2048x1287.jpg 2048w\" sizes=\"(max-width: 1024px) 100vw, 1024px\" \/><\/a><\/figure>\n\n\n\n<figure class=\"wp-block-image size-large\"><a  href=\"https:\/\/funke-grundschule.de\/wp-content\/uploads\/2020\/04\/IMG_0236-2-scaled.jpg\" data-rel=\"lightbox-gallery-0\" data-rl_title=\"\" data-rl_caption=\"\" title=\"\"><img loading=\"lazy\" width=\"1024\" height=\"768\" data-id=\"3683\"  src=\"http:\/\/funke-grundschule.de\/wp-content\/uploads\/2020\/04\/IMG_0236-2-1024x768.jpg\" alt=\"\" class=\"wp-image-3683\" srcset=\"https:\/\/funke-grundschule.de\/wp-content\/uploads\/2020\/04\/IMG_0236-2-1024x768.jpg 1024w, https:\/\/funke-grundschule.de\/wp-content\/uploads\/2020\/04\/IMG_0236-2-300x225.jpg 300w, https:\/\/funke-grundschule.de\/wp-content\/uploads\/2020\/04\/IMG_0236-2-768x576.jpg 768w, https:\/\/funke-grundschule.de\/wp-content\/uploads\/2020\/04\/IMG_0236-2-1536x1152.jpg 1536w, https:\/\/funke-grundschule.de\/wp-content\/uploads\/2020\/04\/IMG_0236-2-2048x1536.jpg 2048w\" sizes=\"(max-width: 1024px) 100vw, 1024px\" \/><\/a><\/figure>\n\n\n\n<figure class=\"wp-block-image size-large\"><a  href=\"https:\/\/funke-grundschule.de\/wp-content\/uploads\/2020\/04\/IMG_0239-2-scaled.jpg\" data-rel=\"lightbox-gallery-0\" data-rl_title=\"\" data-rl_caption=\"\" title=\"\"><img loading=\"lazy\" width=\"1024\" height=\"768\" data-id=\"3684\"  src=\"http:\/\/funke-grundschule.de\/wp-content\/uploads\/2020\/04\/IMG_0239-2-1024x768.jpg\" alt=\"\" class=\"wp-image-3684\" srcset=\"https:\/\/funke-grundschule.de\/wp-content\/uploads\/2020\/04\/IMG_0239-2-1024x768.jpg 1024w, https:\/\/funke-grundschule.de\/wp-content\/uploads\/2020\/04\/IMG_0239-2-300x225.jpg 300w, https:\/\/funke-grundschule.de\/wp-content\/uploads\/2020\/04\/IMG_0239-2-768x576.jpg 768w, https:\/\/funke-grundschule.de\/wp-content\/uploads\/2020\/04\/IMG_0239-2-1536x1152.jpg 1536w, https:\/\/funke-grundschule.de\/wp-content\/uploads\/2020\/04\/IMG_0239-2-2048x1536.jpg 2048w\" sizes=\"(max-width: 1024px) 100vw, 1024px\" \/><\/a><\/figure>\n<\/figure>\n","protected":false},"excerpt":{"rendered":"<p>Die M\u00e4dchenfu\u00dfball-AGIn der Fu\u00dfball-AG treffen sich rund 15 interessierte M\u00e4dchen, die Spa\u00df am Fu\u00dfball haben. Jeden Donnerstag rollt der Ball f\u00fcr eine Stunde. Dabei steht der Leistungsgedanke nicht im Vordergrund und wir nutzen die \u201eJungsfreie-Zone\u201c, um gemeinsam Spa\u00df zu haben.&nbsp;Im&#8230;<\/p>\n","protected":false},"author":3,"featured_media":0,"parent":0,"menu_order":0,"comment_status":"closed","ping_status":"closed","template":"","meta":[],"_links":{"self":[{"href":"https:\/\/funke-grundschule.de\/index.php?rest_route=\/wp\/v2\/pages\/3547"}],"collection":[{"href":"https:\/\/funke-grundschule.de\/index.php?rest_route=\/wp\/v2\/pages"}],"about":[{"href":"https:\/\/funke-grundschule.de\/index.php?rest_route=\/wp\/v2\/types\/page"}],"author":[{"embeddable":true,"href":"https:\/\/funke-grundschule.de\/index.php?rest_route=\/wp\/v2\/users\/3"}],"replies":[{"embeddable":true,"href":"https:\/\/funke-grundschule.de\/index.php?rest_route=%2Fwp%2Fv2%2Fcomments&post=3547"}],"version-history":[{"count":3,"href":"https:\/\/funke-grundschule.de\/index.php?rest_route=\/wp\/v2\/pages\/3547\/revisions"}],"predecessor-version":[{"id":7678,"href":"https:\/\/funke-grundschule.de\/index.php?rest_route=\/wp\/v2\/pages\/3547\/revisions\/7678"}],"wp:attachment":[{"href":"https:\/\/funke-grundschule.de\/index.php?rest_route=%2Fwp%2Fv2%2Fmedia&parent=3547"}],"curies":[{"name":"wp","href":"https:\/\/api.w.org\/{rel}","templated":true}]}}