{"id":2353,"date":"2019-02-21T16:59:31","date_gmt":"2019-02-21T15:59:31","guid":{"rendered":"http:\/\/funke-grundschule.de\/?page_id=2353"},"modified":"2026-02-04T13:57:07","modified_gmt":"2026-02-04T12:57:07","slug":"organisation-der-gruppen","status":"publish","type":"page","link":"https:\/\/funke-grundschule.de\/?page_id=2353","title":{"rendered":"Organisation der Gruppen"},"content":{"rendered":"<p>Jede Klasse bildet eine OGS Gruppe.<\/p>\n<p>Jede Gruppe hat eine(n) festen Ansprechpartner(in), der bzw die sie durch den OGS-Tag begleitet. Klassenlehrer*in und Gruppenleitung stehen t\u00e4glich im engen Austausch.<\/p>\n<p>Die Gruppen sind wie folgt auf die R\u00e4ume verteilt:<\/p>\n<p>Klasse 1a: Klassenraum der 1a im Hauptgeb\u00e4ude<br \/>\nKlasse 1b: Traumraum im Anbau<\/p>\n<p>Klasse 2a: Klassenraum der 2a im Anbau<br \/>\nKlasse 2b: Klassenraum der 2b im Hauptgeb\u00e4ude<\/p>\n<p>Klasse 3a: Klassenraum der 3a im Hauptgeb\u00e4ude<br \/>\nKlasse 3b: Klassenraum der 3b im Hauptgeb\u00e4ude<\/p>\n<p>Klasse 4a: OGS-Raum im Hauptgeb\u00e4ude<br \/>\nKlasse 4b: Klassenraum der 4b im Hauptgeb\u00e4ude<\/p>\n<p><strong>Organisation des Mittagessens<\/strong><\/p>\n<p><img src=\"https:\/\/funke-grundschule.de\/wp-content\/uploads\/2021\/04\/Kueche_neu.jpg\" alt=\"Dieses Bild hat ein leeres Alt-Attribut. Der Dateiname ist Kueche_neu.jpg\" \/><\/p>\n<p>Den Kindern wird auf Wunsch der Eltern eine warme Mittagsmahlzeit, ebenso sp\u00e4ter Obst, Rohkost und ein Snack angeboten. Grunds\u00e4tzlich basiert das Verpflegungsangebot der Funke-OGS auf den Grundlagen des OPTIMIX-Konzeptes, entwickelt vom ehemaligen Forschungsinstitut f\u00fcr Kinderern\u00e4hrung Dortmund (FKE). Ebenfalls wurde die Funke-OGS in das PREVIKIDS-Forschungsmodell aufgenommen und entsprechend vom FKE geschult und begleitet. Die weitere, regelm\u00e4\u00dfige Begleitung wird von der Ern\u00e4hrungsberaterin des Caritasverbandes e. V. durchgef\u00fchrt.<\/p>\n<p>Die Kosten von 80,00 \u20ac pro Monat <strong>m\u00fcssen<\/strong> von den Eltern getragen werden; f\u00fcr Geschwisterkinder gelten gesonderte Konditionen. <strong>F\u00fcr Eltern mit BUT-Anspruch ist das Essen kostenfrei.<\/strong><br \/>\n<strong>Organisation des Hausaufgabenbereichs:<\/strong><\/p>\n<p>Die Hausaufgaben werden von Montag bis Donnerstag unter Aufsicht und mit Hilfestellung von Lehrern und OGS-Personal begleitet. Freitags findet keine Hausaufgabenbetreuung statt.<br \/>\nAllerdings weisen wir darauf hin, dass die Hausaufgaben zu Hause nochmals kontrolliert werden sollten.<\/p>\n","protected":false},"excerpt":{"rendered":"<p>Jede Klasse bildet eine OGS Gruppe. Jede Gruppe hat eine(n) festen Ansprechpartner(in), der bzw die sie durch den OGS-Tag begleitet. Klassenlehrer*in und Gruppenleitung stehen t\u00e4glich im engen Austausch. Die Gruppen sind wie folgt auf die R\u00e4ume verteilt: Klasse 1a: Klassenraum&#8230;<\/p>\n","protected":false},"author":3,"featured_media":0,"parent":0,"menu_order":0,"comment_status":"closed","ping_status":"closed","template":"","meta":[],"_links":{"self":[{"href":"https:\/\/funke-grundschule.de\/index.php?rest_route=\/wp\/v2\/pages\/2353"}],"collection":[{"href":"https:\/\/funke-grundschule.de\/index.php?rest_route=\/wp\/v2\/pages"}],"about":[{"href":"https:\/\/funke-grundschule.de\/index.php?rest_route=\/wp\/v2\/types\/page"}],"author":[{"embeddable":true,"href":"https:\/\/funke-grundschule.de\/index.php?rest_route=\/wp\/v2\/users\/3"}],"replies":[{"embeddable":true,"href":"https:\/\/funke-grundschule.de\/index.php?rest_route=%2Fwp%2Fv2%2Fcomments&post=2353"}],"version-history":[{"count":12,"href":"https:\/\/funke-grundschule.de\/index.php?rest_route=\/wp\/v2\/pages\/2353\/revisions"}],"predecessor-version":[{"id":8003,"href":"https:\/\/funke-grundschule.de\/index.php?rest_route=\/wp\/v2\/pages\/2353\/revisions\/8003"}],"wp:attachment":[{"href":"https:\/\/funke-grundschule.de\/index.php?rest_route=%2Fwp%2Fv2%2Fmedia&parent=2353"}],"curies":[{"name":"wp","href":"https:\/\/api.w.org\/{rel}","templated":true}]}}