{"id":235,"date":"2017-06-25T12:49:13","date_gmt":"2017-06-25T10:49:13","guid":{"rendered":"http:\/\/funke-grundschule.de\/?page_id=235"},"modified":"2024-12-18T10:45:40","modified_gmt":"2024-12-18T09:45:40","slug":"impressum","status":"publish","type":"page","link":"https:\/\/funke-grundschule.de\/?page_id=235","title":{"rendered":"Impressum"},"content":{"rendered":"<p><strong>Funke-Grundschule<br \/>\nGrundstr. 14<br \/>\n44149 Dortmund<\/strong><\/p>\n<p><strong>Verantwortlich f\u00fcr den Inhalt der Homepage ist die <\/strong><\/p>\n<p><strong>Schulleitung<\/strong>:<br \/>\nNina Rabiega, Schulleiterin<\/p>\n<p>Gisa R\u00fcter, Konrektorin<\/p>\n<p>Grundstr. 14<br \/>\n44149&nbsp; Dortmund<\/p>\n<p>Telefon: (0231) 170261<br \/>\nTelefax: (0231) 7217230<br \/>\nE-Mail: <a href=\"mailto:aplerbecker-mark-grundschule@stadtdo.de\">funke-grundschule@stadtdo.de<\/a><\/p>\n<p>Internet: http:\/\/www.funkeschule.de\/<br \/>\n<strong>Haftungsausschluss:<\/strong><br \/>\nDer oben genannte Betreiber erstellt die Informationen auf seinen Seiten mit gro\u00dfer Sorgfalt und ist darum bem\u00fcht, Aktualit\u00e4t, Korrektheit und Vollst\u00e4ndigkeit sicher zu stellen. Er erhebt aber keinen Anspruch auf Aktualit\u00e4t beziehungsweise Vollst\u00e4ndigkeit. Alle Inhalte sind zur allgemeinen Information bestimmt und stellen keine gesch\u00e4ftliche, rechtliche oder sonstige Beratungsdienstleistung dar. Er \u00fcbernimmt keine Gew\u00e4hr und haftet nicht f\u00fcr etwaige Sch\u00e4den materieller oder ideeller Art, die durch Nutzung des Dienstes verursacht werden, soweit sie nicht nachweislich durch Vorsatz oder grobe Fahrl\u00e4ssigkeit verschuldet sind. Auf die Inhalte von verlinkten Seiten hat der oben genannte Betreiber keinen Einfluss. F\u00fcr die Angebote Dritter wird keinerlei Haftung \u00fcbernommen. Sollten User dort bedenkliche Inhalte wahrnehmen, so w\u00e4ren wir f\u00fcr einen Hinweis dankbar. Wir weisen darauf hin, dass Teile von Seiten oder auch das gesamte Angebot ohne gesonderte Ank\u00fcndigung ver\u00e4ndert, erg\u00e4nzt, oder gel\u00f6scht werden k\u00f6nnen. Auch die vor\u00fcbergehende oder endg\u00fcltige Beendigung der Ver\u00f6ffentlichung ist ohne Ank\u00fcndigung m\u00f6glich.<\/p>\n<p><strong>Copyright:<\/strong><br \/>\nDie Urheber- und Nutzungsrechte (Copyright) f\u00fcr Texte, Grafiken, Bilder, Design und Quellcode liegen beim oben genannten Betreiber. Die nicht-kommerzielle Erstellung, Verwendung und Weitergabe von Kopien in elektronischer oder ausgedruckter Form sind erlaubt, wenn der Inhalt unver\u00e4ndert bleibt, die Quelle angegeben wird und keine Rechte Dritter betroffen sind<\/p>\n<p><strong>Zust\u00e4ndige Aufsichtsbeh\u00f6rde:<\/strong><br \/>\nSchulamt f\u00fcr die Stadt Dortmund, Kleppingstr. 22-24, 44135 Dortmund<\/p>\n<p><strong>Haftungshinweis:<\/strong> Trotz sorgf\u00e4ltiger inhaltlicher Kontrolle \u00fcbernehmen wir keine Haftung f\u00fcr die Inhalte externer Links. F\u00fcr den Inhalt der verlinkten Seiten sind ausschlie\u00dflich deren Betreiber verantwortlich.<\/p>\n","protected":false},"excerpt":{"rendered":"<p>Funke-Grundschule Grundstr. 14 44149 Dortmund Verantwortlich f\u00fcr den Inhalt der Homepage ist die Schulleitung: Nina Rabiega, Schulleiterin Gisa R\u00fcter, Konrektorin Grundstr. 14 44149&nbsp; Dortmund Telefon: (0231) 170261 Telefax: (0231) 7217230 E-Mail: funke-grundschule@stadtdo.de Internet: http:\/\/www.funkeschule.de\/ Haftungsausschluss: Der oben genannte Betreiber erstellt&#8230;<\/p>\n","protected":false},"author":3,"featured_media":0,"parent":0,"menu_order":0,"comment_status":"closed","ping_status":"closed","template":"","meta":[],"_links":{"self":[{"href":"https:\/\/funke-grundschule.de\/index.php?rest_route=\/wp\/v2\/pages\/235"}],"collection":[{"href":"https:\/\/funke-grundschule.de\/index.php?rest_route=\/wp\/v2\/pages"}],"about":[{"href":"https:\/\/funke-grundschule.de\/index.php?rest_route=\/wp\/v2\/types\/page"}],"author":[{"embeddable":true,"href":"https:\/\/funke-grundschule.de\/index.php?rest_route=\/wp\/v2\/users\/3"}],"replies":[{"embeddable":true,"href":"https:\/\/funke-grundschule.de\/index.php?rest_route=%2Fwp%2Fv2%2Fcomments&post=235"}],"version-history":[{"count":2,"href":"https:\/\/funke-grundschule.de\/index.php?rest_route=\/wp\/v2\/pages\/235\/revisions"}],"predecessor-version":[{"id":7672,"href":"https:\/\/funke-grundschule.de\/index.php?rest_route=\/wp\/v2\/pages\/235\/revisions\/7672"}],"wp:attachment":[{"href":"https:\/\/funke-grundschule.de\/index.php?rest_route=%2Fwp%2Fv2%2Fmedia&parent=235"}],"curies":[{"name":"wp","href":"https:\/\/api.w.org\/{rel}","templated":true}]}}