{"id":164,"date":"2017-06-21T20:34:17","date_gmt":"2017-06-21T18:34:17","guid":{"rendered":"http:\/\/test.funke-grundschule.de\/?page_id=164"},"modified":"2024-11-13T16:01:08","modified_gmt":"2024-11-13T15:01:08","slug":"leitsaetze","status":"publish","type":"page","link":"https:\/\/funke-grundschule.de\/?page_id=164","title":{"rendered":"Leits\u00e4tze"},"content":{"rendered":"<ol>\n<li>Wir sorgen f\u00fcr ein gutes Schulklima.<\/li>\n<li>Wir binden die Erziehungsberechtigten intensiv in das Schulleben ein.<\/li>\n<li>Wir bem\u00fchen uns um Toleranz und f\u00f6rdern die Zusammenarbeit.<\/li>\n<li>Wir bilden uns kontinuierlich fort.<\/li>\n<li>Wir sorgen f\u00fcr Ausgewogenheit zwischen Arbeit und Mu\u00dfe.<\/li>\n<li>Wir f\u00f6rdern und fordern unsere Sch\u00fcler und Sch\u00fclerinnen.<\/li>\n<li>Wir verfolgen gemeinsame Unterrichtsziele.<\/li>\n<li>Wir f\u00fchlen uns der \u00d6ffentlichkeit gegen\u00fcber verpflichtet.<\/li>\n<li>Wir gestalten die Zukunft unserer Schule.<\/li>\n<li>Wir beraten qualifiziert bez\u00fcglich der Schullaufbahn.<\/li>\n<\/ol>\n","protected":false},"excerpt":{"rendered":"<p>Wir sorgen f\u00fcr ein gutes Schulklima. Wir binden die Erziehungsberechtigten intensiv in das Schulleben ein. Wir bem\u00fchen uns um Toleranz und f\u00f6rdern die Zusammenarbeit. Wir bilden uns kontinuierlich fort. Wir sorgen f\u00fcr Ausgewogenheit zwischen Arbeit und Mu\u00dfe. Wir f\u00f6rdern und&#8230;<\/p>\n","protected":false},"author":3,"featured_media":0,"parent":0,"menu_order":0,"comment_status":"closed","ping_status":"closed","template":"","meta":[],"_links":{"self":[{"href":"https:\/\/funke-grundschule.de\/index.php?rest_route=\/wp\/v2\/pages\/164"}],"collection":[{"href":"https:\/\/funke-grundschule.de\/index.php?rest_route=\/wp\/v2\/pages"}],"about":[{"href":"https:\/\/funke-grundschule.de\/index.php?rest_route=\/wp\/v2\/types\/page"}],"author":[{"embeddable":true,"href":"https:\/\/funke-grundschule.de\/index.php?rest_route=\/wp\/v2\/users\/3"}],"replies":[{"embeddable":true,"href":"https:\/\/funke-grundschule.de\/index.php?rest_route=%2Fwp%2Fv2%2Fcomments&post=164"}],"version-history":[{"count":2,"href":"https:\/\/funke-grundschule.de\/index.php?rest_route=\/wp\/v2\/pages\/164\/revisions"}],"predecessor-version":[{"id":167,"href":"https:\/\/funke-grundschule.de\/index.php?rest_route=\/wp\/v2\/pages\/164\/revisions\/167"}],"wp:attachment":[{"href":"https:\/\/funke-grundschule.de\/index.php?rest_route=%2Fwp%2Fv2%2Fmedia&parent=164"}],"curies":[{"name":"wp","href":"https:\/\/api.w.org\/{rel}","templated":true}]}}