{"id":158,"date":"2017-06-21T20:29:36","date_gmt":"2017-06-21T18:29:36","guid":{"rendered":"http:\/\/test.funke-grundschule.de\/?page_id=158"},"modified":"2024-12-18T10:45:22","modified_gmt":"2024-12-18T09:45:22","slug":"gemeinsames-lernen-gl","status":"publish","type":"page","link":"https:\/\/funke-grundschule.de\/?page_id=158","title":{"rendered":"Gemeinsames Lernen (GL)"},"content":{"rendered":"<p>Die Funke Grundschule liegt im Dortmunder Stadtteil Dorstfeld. Wir sind eine 2-z\u00fcgige Offene Ganztags-Grundschule. Die \u00fcber 200 Kinder der Funke Grundschule werden in 8 Klassen jahrgangsbezogen unterrichtet.<br \/>\n142 Kinder besuchen im Rahmen der OGS ganzt\u00e4gig die Schule.<\/p>\n<p>An der Funke-Grundschule lernen alle Kinder mit und ohne sonderp\u00e4dagogischen Unterst\u00fctzungsbedarf gemeinsam, miteinander und voneinander.<\/p>\n<p>Das <strong>gemeinsame Lernen (GL) <\/strong> basiert auf dem inklusiven Gedanken, welcher allen Menschen gleiche Rechte einr\u00e4umt. In einer inklusiven Schule schlagen alle Kinder zun\u00e4chst den gleichen Weg ein, egal wie leistungsf\u00e4hig oder f\u00f6rderbed\u00fcrftig sie sind \u2013 die allgemeine Schule ist der Regelf\u00f6rderort.<\/p>\n<p>An unserer Schule k\u00f6nnen&nbsp;die Sch\u00fclerinnen und Sch\u00fcler mit folgenden F\u00f6rderbereichen gef\u00f6rdert werden:<\/p>\n<p>&#8211; Lernen<\/p>\n<p>&#8211; Emotionale und soziale Entwicklung<\/p>\n<p>&#8211; Sprache<\/p>\n<p>&#8211; Geistige Entwicklung<\/p>\n<p>&#8211; K\u00f6rperliche und motorische Entwicklung (mit Einschr\u00e4nkungen; Altbau)<\/p>\n<p>&#8211; Autismus<\/p>\n<p>Das gemeinsame Lernen an unserer Schule findet sowohl im Klassenverband, in der Kleingruppenf\u00f6rderung und nach Bedarf in der Einzelf\u00f6rderung statt. Die Sch\u00fclerinnen und Sch\u00fcler werden dabei zus\u00e4tzlich durch die Sonderp\u00e4dagogin unterst\u00fctzt und individuell betreut.<\/p>\n","protected":false},"excerpt":{"rendered":"<p>Die Funke Grundschule liegt im Dortmunder Stadtteil Dorstfeld. Wir sind eine 2-z\u00fcgige Offene Ganztags-Grundschule. Die \u00fcber 200 Kinder der Funke Grundschule werden in 8 Klassen jahrgangsbezogen unterrichtet. 142 Kinder besuchen im Rahmen der OGS ganzt\u00e4gig die Schule. An der Funke-Grundschule&#8230;<\/p>\n","protected":false},"author":3,"featured_media":0,"parent":0,"menu_order":0,"comment_status":"closed","ping_status":"closed","template":"","meta":[],"_links":{"self":[{"href":"https:\/\/funke-grundschule.de\/index.php?rest_route=\/wp\/v2\/pages\/158"}],"collection":[{"href":"https:\/\/funke-grundschule.de\/index.php?rest_route=\/wp\/v2\/pages"}],"about":[{"href":"https:\/\/funke-grundschule.de\/index.php?rest_route=\/wp\/v2\/types\/page"}],"author":[{"embeddable":true,"href":"https:\/\/funke-grundschule.de\/index.php?rest_route=\/wp\/v2\/users\/3"}],"replies":[{"embeddable":true,"href":"https:\/\/funke-grundschule.de\/index.php?rest_route=%2Fwp%2Fv2%2Fcomments&post=158"}],"version-history":[{"count":5,"href":"https:\/\/funke-grundschule.de\/index.php?rest_route=\/wp\/v2\/pages\/158\/revisions"}],"predecessor-version":[{"id":7671,"href":"https:\/\/funke-grundschule.de\/index.php?rest_route=\/wp\/v2\/pages\/158\/revisions\/7671"}],"wp:attachment":[{"href":"https:\/\/funke-grundschule.de\/index.php?rest_route=%2Fwp%2Fv2%2Fmedia&parent=158"}],"curies":[{"name":"wp","href":"https:\/\/api.w.org\/{rel}","templated":true}]}}