{"id":151,"date":"2017-06-21T20:26:44","date_gmt":"2017-06-21T18:26:44","guid":{"rendered":"http:\/\/test.funke-grundschule.de\/?page_id=151"},"modified":"2024-11-13T15:21:37","modified_gmt":"2024-11-13T14:21:37","slug":"book-buddy","status":"publish","type":"page","link":"https:\/\/funke-grundschule.de\/?page_id=151","title":{"rendered":"Book-Buddy"},"content":{"rendered":"<h2>Das Book Buddy-Projekt<\/h2>\n<p><strong>Kinder lesen f\u00fcr Kinder<\/strong><\/p>\n<p><strong>Book \u2013 Buddys<\/strong><\/p>\n<p style=\"text-align: left;\"><strong>Im Oktober 2010 startete das Lesef\u00f6rderprojekt Book-Buddy (\u201eB\u00fccherkumpel\u201c) in Zusammenarbeit mit der Tageseinrichtung FABIDO in der Rheinischen Stra\u00dfe. Seit November 2012 wird dieses Projekt mit der Kita Kortental und seit 2016 auch mit der KiWi (Kita\u00a0<\/strong><strong>Wittenerstra\u00dfe)\u00a0<\/strong><strong>durchgef\u00fchrt. Daf\u00fcr besuchen die sog. Maxi-kinder eine Schulstunde lang die Funkeschule.<\/strong><\/p>\n<p style=\"text-align: left;\"><strong>Wie sind die Treffen organisiert?<br \/>\nDie Schulkinder (4.Schj.) lesen k\u00fcnftigen Schulanf\u00e4ngern in der Schulb\u00fccherei selbst ausgesuchte B\u00fccher vor. Danach besch\u00e4ftigen sich die Kinder mit dem Buch: sie malen, schreiben oder basteln zusammen. Zum Schluss wird jedes Treffen in einem Lesetagebuch festgehalten.<\/strong><\/p>\n<div id='gallery-1' class='gallery galleryid-151 gallery-columns-2 gallery-size-large'><figure class='gallery-item'>\n\t\t\t<div class='gallery-icon landscape'>\n\t\t\t\t<a href='https:\/\/funke-grundschule.de\/wp-content\/uploads\/2017\/12\/IMG_9057.jpg' title=\"\" data-rl_title=\"\" class=\"rl-gallery-link\" data-rl_caption=\"\" data-rel=\"lightbox-gallery-1\"><img width=\"1024\" height=\"576\" src=\"https:\/\/funke-grundschule.de\/wp-content\/uploads\/2017\/12\/IMG_9057-1024x576.jpg\" class=\"attachment-large size-large\" alt=\"\" loading=\"lazy\" srcset=\"https:\/\/funke-grundschule.de\/wp-content\/uploads\/2017\/12\/IMG_9057-1024x576.jpg 1024w, https:\/\/funke-grundschule.de\/wp-content\/uploads\/2017\/12\/IMG_9057-300x169.jpg 300w, https:\/\/funke-grundschule.de\/wp-content\/uploads\/2017\/12\/IMG_9057-768x432.jpg 768w, https:\/\/funke-grundschule.de\/wp-content\/uploads\/2017\/12\/IMG_9057.jpg 1280w\" sizes=\"(max-width: 1024px) 100vw, 1024px\" \/><\/a>\n\t\t\t<\/div><\/figure><figure class='gallery-item'>\n\t\t\t<div class='gallery-icon landscape'>\n\t\t\t\t<a href='https:\/\/funke-grundschule.de\/wp-content\/uploads\/2017\/12\/IMG_9053.jpg' title=\"\" data-rl_title=\"\" class=\"rl-gallery-link\" data-rl_caption=\"\" data-rel=\"lightbox-gallery-1\"><img width=\"1024\" height=\"576\" src=\"https:\/\/funke-grundschule.de\/wp-content\/uploads\/2017\/12\/IMG_9053-1024x576.jpg\" class=\"attachment-large size-large\" alt=\"\" loading=\"lazy\" srcset=\"https:\/\/funke-grundschule.de\/wp-content\/uploads\/2017\/12\/IMG_9053-1024x576.jpg 1024w, https:\/\/funke-grundschule.de\/wp-content\/uploads\/2017\/12\/IMG_9053-300x169.jpg 300w, https:\/\/funke-grundschule.de\/wp-content\/uploads\/2017\/12\/IMG_9053-768x432.jpg 768w, https:\/\/funke-grundschule.de\/wp-content\/uploads\/2017\/12\/IMG_9053.jpg 1280w\" sizes=\"(max-width: 1024px) 100vw, 1024px\" \/><\/a>\n\t\t\t<\/div><\/figure><figure class='gallery-item'>\n\t\t\t<div class='gallery-icon landscape'>\n\t\t\t\t<a href='https:\/\/funke-grundschule.de\/wp-content\/uploads\/2017\/12\/IMG_9058.jpg' title=\"\" data-rl_title=\"\" class=\"rl-gallery-link\" data-rl_caption=\"\" data-rel=\"lightbox-gallery-1\"><img width=\"1024\" height=\"576\" src=\"https:\/\/funke-grundschule.de\/wp-content\/uploads\/2017\/12\/IMG_9058-1024x576.jpg\" class=\"attachment-large size-large\" alt=\"\" loading=\"lazy\" srcset=\"https:\/\/funke-grundschule.de\/wp-content\/uploads\/2017\/12\/IMG_9058-1024x576.jpg 1024w, https:\/\/funke-grundschule.de\/wp-content\/uploads\/2017\/12\/IMG_9058-300x169.jpg 300w, https:\/\/funke-grundschule.de\/wp-content\/uploads\/2017\/12\/IMG_9058-768x432.jpg 768w, https:\/\/funke-grundschule.de\/wp-content\/uploads\/2017\/12\/IMG_9058.jpg 1280w\" sizes=\"(max-width: 1024px) 100vw, 1024px\" \/><\/a>\n\t\t\t<\/div><\/figure><figure class='gallery-item'>\n\t\t\t<div class='gallery-icon landscape'>\n\t\t\t\t<a href='https:\/\/funke-grundschule.de\/wp-content\/uploads\/2017\/12\/IMG_9050.jpg' title=\"\" data-rl_title=\"\" class=\"rl-gallery-link\" data-rl_caption=\"\" data-rel=\"lightbox-gallery-1\"><img width=\"1024\" height=\"576\" src=\"https:\/\/funke-grundschule.de\/wp-content\/uploads\/2017\/12\/IMG_9050-1024x576.jpg\" class=\"attachment-large size-large\" alt=\"\" loading=\"lazy\" srcset=\"https:\/\/funke-grundschule.de\/wp-content\/uploads\/2017\/12\/IMG_9050-1024x576.jpg 1024w, https:\/\/funke-grundschule.de\/wp-content\/uploads\/2017\/12\/IMG_9050-300x169.jpg 300w, https:\/\/funke-grundschule.de\/wp-content\/uploads\/2017\/12\/IMG_9050-768x432.jpg 768w, https:\/\/funke-grundschule.de\/wp-content\/uploads\/2017\/12\/IMG_9050.jpg 1280w\" sizes=\"(max-width: 1024px) 100vw, 1024px\" \/><\/a>\n\t\t\t<\/div><\/figure>\n\t\t<\/div>\n\n<p style=\"text-align: left;\"><strong>Was sind die Ziele des Projekts?<\/strong><\/p>\n<ul style=\"text-align: left;\">\n<li><strong>Ein Ziel des Projekts ist es, die Lesemotivation der Kinder zu st\u00e4rken und zu erhalten. Durch das Kennenlernen verschiedener B\u00fccher wird das Interesse der Kinder an Literatur geweckt. Die Kinder sollen durch das besondere Erlebnis ein positives Verh\u00e4ltnis zu B\u00fcchern und zum Lesen entwickeln k\u00f6nnen. Denn Lesen ist die wichtigste Schl\u00fcsselqualifikation, nicht nur f\u00fcr den Schulerfolg, sondern f\u00fcr das gesamte Leben.<\/strong><\/li>\n<li><strong>Die Kinder k\u00f6nnen beim Vorlesen und vorherigen \u00dcben ihre Lesekompetenz erweitern. Das Interesse und die Begeisterung der Zuh\u00f6rer wirken sich positiv auf das Selbstvertrauen aus. Durch dieses Projekt k\u00f6nnen die Kinder zeigen, was sie schon gelernt haben.<\/strong><\/li>\n<li><strong>Dar\u00fcber hinaus erleichtert diese besondere Art des Vorlesens und Zuh\u00f6rens den \u00dcbergang vom Kindergarten zur Schule. Die Kindergartenkinder lernen die Schule in angenehmer Atmosph\u00e4re kennen und ihre Vorfreude auf die bevorstehende Schulzeit wird geweckt. <\/strong><\/li>\n<li><strong>Das Projekt leistet f\u00fcr alle beteiligten Kinder einen wichtigen Beitrag zum erfolgreichen Spracherwerb. <\/strong><\/li>\n<li><strong>aktuelle Ansprechpartner des Projekts: <\/strong><\/li>\n<\/ul>\n<p style=\"text-align: left;\"><strong>\u00a0\u00a0\u00a0\u00a0 Sabine Buttler (Funkeschule), Petra Kurzweg (Kita Kortental)<\/strong><\/p>\n","protected":false},"excerpt":{"rendered":"<p>Das Book Buddy-Projekt Kinder lesen f\u00fcr Kinder Book \u2013 Buddys Im Oktober 2010 startete das Lesef\u00f6rderprojekt Book-Buddy (\u201eB\u00fccherkumpel\u201c) in Zusammenarbeit mit der Tageseinrichtung FABIDO in der Rheinischen Stra\u00dfe. Seit November 2012 wird dieses Projekt mit der Kita Kortental und seit&#8230;<\/p>\n","protected":false},"author":3,"featured_media":0,"parent":0,"menu_order":0,"comment_status":"closed","ping_status":"closed","template":"","meta":[],"_links":{"self":[{"href":"https:\/\/funke-grundschule.de\/index.php?rest_route=\/wp\/v2\/pages\/151"}],"collection":[{"href":"https:\/\/funke-grundschule.de\/index.php?rest_route=\/wp\/v2\/pages"}],"about":[{"href":"https:\/\/funke-grundschule.de\/index.php?rest_route=\/wp\/v2\/types\/page"}],"author":[{"embeddable":true,"href":"https:\/\/funke-grundschule.de\/index.php?rest_route=\/wp\/v2\/users\/3"}],"replies":[{"embeddable":true,"href":"https:\/\/funke-grundschule.de\/index.php?rest_route=%2Fwp%2Fv2%2Fcomments&post=151"}],"version-history":[{"count":6,"href":"https:\/\/funke-grundschule.de\/index.php?rest_route=\/wp\/v2\/pages\/151\/revisions"}],"predecessor-version":[{"id":936,"href":"https:\/\/funke-grundschule.de\/index.php?rest_route=\/wp\/v2\/pages\/151\/revisions\/936"}],"wp:attachment":[{"href":"https:\/\/funke-grundschule.de\/index.php?rest_route=%2Fwp%2Fv2%2Fmedia&parent=151"}],"curies":[{"name":"wp","href":"https:\/\/api.w.org\/{rel}","templated":true}]}}