{"id":1244,"date":"2018-02-07T16:02:59","date_gmt":"2018-02-07T15:02:59","guid":{"rendered":"http:\/\/funke-grundschule.de\/?page_id=1244"},"modified":"2024-12-18T10:36:49","modified_gmt":"2024-12-18T09:36:49","slug":"sozialtraining","status":"publish","type":"page","link":"https:\/\/funke-grundschule.de\/?page_id=1244","title":{"rendered":"Sozialtraining"},"content":{"rendered":"<p>Soziale Kompetenzen sind Grundlagen f\u00fcr das Zusammenleben auch in der Schule. Die Funke-Grundschule ist sich ihrer Verantwortung und Aufgabe bewusst. Daher haben wir zur Unterst\u00fctzung unserer Bem\u00fchungen um ein friedliches Miteinander in der Schule das Sozialtraining eingerichtet.<\/p>\n<p>Unser Training soll den Sch\u00fclern M\u00f6glichkeiten alternativen Handelns aufzeigen und die Chance bieten, dieses Handeln zu erproben.<\/p>\n<p>Im Sozialtraining werden altersgem\u00e4\u00dfe, prosoziale Kenntnisse und F\u00e4higkeiten in den Bereichen Empathie, Impulskontrolle und Umgang mit \u00c4rger und Wut vermittelt.<\/p>\n<p>Die Sch\u00fcler lernen\u2026<\/p>\n<ul>\n<li>verschiedene Gef\u00fchle bei sich und anderen wahrzunehmen und zu benennen<\/li>\n<li>ihre Wut zu erkennen und damit umzugehen<\/li>\n<li>Ich-Botschaften zu formulieren<\/li>\n<li>Grenzen zu erkennen und zu setzen<\/li>\n<li>angemessene Verhalten zu \u00fcben<\/li>\n<li>andere (gewaltfreie) L\u00f6sungen f\u00fcr ihre Konflikte zu finden und zu \u00fcben<\/li>\n<\/ul>\n<p>Durch den gezielten Einsatz von Rollenspielen, gemeinschaftlichen Aufgaben und \u00dcbungen k\u00f6nnen die Sch\u00fcler Neues erleben und erfahren. Sie erlangen Einsichten in die Struktur ihres eigenen Handelns und der eigenen Normen und werden insgesamt handlungsf\u00e4higer.<\/p>\n","protected":false},"excerpt":{"rendered":"<p>Soziale Kompetenzen sind Grundlagen f\u00fcr das Zusammenleben auch in der Schule. Die Funke-Grundschule ist sich ihrer Verantwortung und Aufgabe bewusst. Daher haben wir zur Unterst\u00fctzung unserer Bem\u00fchungen um ein friedliches Miteinander in der Schule das Sozialtraining eingerichtet. Unser Training soll&#8230;<\/p>\n","protected":false},"author":3,"featured_media":0,"parent":0,"menu_order":0,"comment_status":"closed","ping_status":"closed","template":"","meta":[],"_links":{"self":[{"href":"https:\/\/funke-grundschule.de\/index.php?rest_route=\/wp\/v2\/pages\/1244"}],"collection":[{"href":"https:\/\/funke-grundschule.de\/index.php?rest_route=\/wp\/v2\/pages"}],"about":[{"href":"https:\/\/funke-grundschule.de\/index.php?rest_route=\/wp\/v2\/types\/page"}],"author":[{"embeddable":true,"href":"https:\/\/funke-grundschule.de\/index.php?rest_route=\/wp\/v2\/users\/3"}],"replies":[{"embeddable":true,"href":"https:\/\/funke-grundschule.de\/index.php?rest_route=%2Fwp%2Fv2%2Fcomments&post=1244"}],"version-history":[{"count":3,"href":"https:\/\/funke-grundschule.de\/index.php?rest_route=\/wp\/v2\/pages\/1244\/revisions"}],"predecessor-version":[{"id":1248,"href":"https:\/\/funke-grundschule.de\/index.php?rest_route=\/wp\/v2\/pages\/1244\/revisions\/1248"}],"wp:attachment":[{"href":"https:\/\/funke-grundschule.de\/index.php?rest_route=%2Fwp%2Fv2%2Fmedia&parent=1244"}],"curies":[{"name":"wp","href":"https:\/\/api.w.org\/{rel}","templated":true}]}}