{"id":1236,"date":"2018-02-07T15:59:54","date_gmt":"2018-02-07T14:59:54","guid":{"rendered":"http:\/\/funke-grundschule.de\/?page_id=1236"},"modified":"2024-12-18T10:44:44","modified_gmt":"2024-12-18T09:44:44","slug":"family-treffen-an-der-funkeschule","status":"publish","type":"page","link":"https:\/\/funke-grundschule.de\/?page_id=1236","title":{"rendered":"FamilY Treffen an der Funkeschule"},"content":{"rendered":"<p><img loading=\"lazy\" class=\"size-medium wp-image-6697 aligncenter\" src=\"http:\/\/funke-grundschule.de\/wp-content\/uploads\/2023\/06\/family-c-202x300.jpg\" alt=\"\" width=\"202\" height=\"300\" srcset=\"https:\/\/funke-grundschule.de\/wp-content\/uploads\/2023\/06\/family-c-202x300.jpg 202w, https:\/\/funke-grundschule.de\/wp-content\/uploads\/2023\/06\/family-c-689x1024.jpg 689w, https:\/\/funke-grundschule.de\/wp-content\/uploads\/2023\/06\/family-c-768x1141.jpg 768w, https:\/\/funke-grundschule.de\/wp-content\/uploads\/2023\/06\/family-c-760x1129.jpg 760w, https:\/\/funke-grundschule.de\/wp-content\/uploads\/2023\/06\/family-c.jpg 924w\" sizes=\"(max-width: 202px) 100vw, 202px\" \/><\/p>\n<p>Seit dem Schuljahr 2021\/2022 sind wir offizielle FamilY Begleiterinnen!<\/p>\n<p>Jedes 2. Schulhalbjahr finden&nbsp; drei Treffen vor den Sommerferien statt. Zu diesen Treffen sind alle Erziehungsberechtigten der Lernanf\u00e4nger*innen herzlich eingeladen.<\/p>\n<p>Mit unserer Hilfe werden die Eltern in den neuen Lebensabschnitt des \u00dcbergangs vom Kindergarten in die Grundschule begleitet. Dabei ist es uns wichtig, dass sich die Erziehungsberechtigten&nbsp; miteinander austauschen und \u00fcber ihre Erfahrungen berichten. Au\u00dferdem dienen die Treffen zum Kennenlernen der Erziehungsberechtigten und auch der Kinder untereinander.<\/p>\n<p><span style=\"font-size: inherit;\">Diese Treffen sind f\u00fcr Sie als Elternteil <\/span><strong style=\"font-size: inherit;\">kostenlos.<\/strong><\/p>\n<p><strong>Wir bieten f\u00fcr die Treffen eine Kinderbetreuung an, so dass Ihr Kind die M\u00f6glichkeit bekommt die Schule und andere Lernanf\u00e4nger*innen kennenzulernen.&nbsp;<\/strong><\/p>\n<p>\u00dcber die geplanten Treffen werden Sie fr\u00fchzeitig informiert<\/p>\n<p>Diese Betreuung kann allerdings leider erst f\u00fcr Kinder<strong> ab 3 Jahren<\/strong> angeboten werden.<\/p>\n<p>Weitere Informationen finden Sie zus\u00e4tzlich <a href=\"https:\/\/education-y.de\/handlungsfelder\/familie\/family-programm\/\">hier.<\/a><\/p>\n","protected":false},"excerpt":{"rendered":"<p>Seit dem Schuljahr 2021\/2022 sind wir offizielle FamilY Begleiterinnen! Jedes 2. Schulhalbjahr finden&nbsp; drei Treffen vor den Sommerferien statt. Zu diesen Treffen sind alle Erziehungsberechtigten der Lernanf\u00e4nger*innen herzlich eingeladen. Mit unserer Hilfe werden die Eltern in den neuen Lebensabschnitt des&#8230;<\/p>\n","protected":false},"author":3,"featured_media":0,"parent":0,"menu_order":0,"comment_status":"closed","ping_status":"closed","template":"","meta":[],"_links":{"self":[{"href":"https:\/\/funke-grundschule.de\/index.php?rest_route=\/wp\/v2\/pages\/1236"}],"collection":[{"href":"https:\/\/funke-grundschule.de\/index.php?rest_route=\/wp\/v2\/pages"}],"about":[{"href":"https:\/\/funke-grundschule.de\/index.php?rest_route=\/wp\/v2\/types\/page"}],"author":[{"embeddable":true,"href":"https:\/\/funke-grundschule.de\/index.php?rest_route=\/wp\/v2\/users\/3"}],"replies":[{"embeddable":true,"href":"https:\/\/funke-grundschule.de\/index.php?rest_route=%2Fwp%2Fv2%2Fcomments&post=1236"}],"version-history":[{"count":19,"href":"https:\/\/funke-grundschule.de\/index.php?rest_route=\/wp\/v2\/pages\/1236\/revisions"}],"predecessor-version":[{"id":7670,"href":"https:\/\/funke-grundschule.de\/index.php?rest_route=\/wp\/v2\/pages\/1236\/revisions\/7670"}],"wp:attachment":[{"href":"https:\/\/funke-grundschule.de\/index.php?rest_route=%2Fwp%2Fv2%2Fmedia&parent=1236"}],"curies":[{"name":"wp","href":"https:\/\/api.w.org\/{rel}","templated":true}]}}