{"id":1168,"date":"2018-02-07T14:51:16","date_gmt":"2018-02-07T13:51:16","guid":{"rendered":"http:\/\/funke-grundschule.de\/?page_id=1168"},"modified":"2024-11-13T15:20:55","modified_gmt":"2024-11-13T14:20:55","slug":"bewegte-pause","status":"publish","type":"page","link":"https:\/\/funke-grundschule.de\/?page_id=1168","title":{"rendered":"Bewegte Pause"},"content":{"rendered":"<p><strong>Bewegte Pause in der Funkeschule<\/strong><\/p>\n<p>Wir in der Funkeschule spielen jeden Tag in der Pause drau\u00dfen au\u00dfer wenn es regnet.\u00a0 Daf\u00fcr gibt es die Bewegte Pause in der wir uns Spielzeug ausleihen k\u00f6nnen. Die Sch\u00fclerinnen und Sch\u00fcler des Jahrgangs 3. und 4. helfen dabei mit, dass alle Kinder eine tolle Pause erleben k\u00f6nnen.<\/p>\n<p><img loading=\"lazy\" class=\"alignleft size-medium wp-image-2069\" src=\"http:\/\/funke-grundschule.de\/wp-content\/uploads\/2018\/02\/IMG_5011-300x225.jpg\" alt=\"\" width=\"300\" height=\"225\" srcset=\"https:\/\/funke-grundschule.de\/wp-content\/uploads\/2018\/02\/IMG_5011-300x225.jpg 300w, https:\/\/funke-grundschule.de\/wp-content\/uploads\/2018\/02\/IMG_5011-768x576.jpg 768w, https:\/\/funke-grundschule.de\/wp-content\/uploads\/2018\/02\/IMG_5011-1024x768.jpg 1024w\" sizes=\"(max-width: 300px) 100vw, 300px\" \/><\/p>\n<p><img loading=\"lazy\" class=\"alignleft size-medium wp-image-2067\" src=\"http:\/\/funke-grundschule.de\/wp-content\/uploads\/2018\/02\/IMG_5009-300x225.jpg\" alt=\"\" width=\"300\" height=\"225\" srcset=\"https:\/\/funke-grundschule.de\/wp-content\/uploads\/2018\/02\/IMG_5009-300x225.jpg 300w, https:\/\/funke-grundschule.de\/wp-content\/uploads\/2018\/02\/IMG_5009-768x576.jpg 768w, https:\/\/funke-grundschule.de\/wp-content\/uploads\/2018\/02\/IMG_5009-1024x768.jpg 1024w\" sizes=\"(max-width: 300px) 100vw, 300px\" \/><\/p>\n<p><img loading=\"lazy\" class=\"alignleft size-medium wp-image-2071\" src=\"http:\/\/funke-grundschule.de\/wp-content\/uploads\/2018\/02\/IMG_5013-300x225.jpg\" alt=\"\" width=\"300\" height=\"225\" srcset=\"https:\/\/funke-grundschule.de\/wp-content\/uploads\/2018\/02\/IMG_5013-300x225.jpg 300w, https:\/\/funke-grundschule.de\/wp-content\/uploads\/2018\/02\/IMG_5013-768x576.jpg 768w, https:\/\/funke-grundschule.de\/wp-content\/uploads\/2018\/02\/IMG_5013-1024x768.jpg 1024w\" sizes=\"(max-width: 300px) 100vw, 300px\" \/><\/p>\n<p><img loading=\"lazy\" class=\"alignleft size-medium wp-image-2070\" src=\"http:\/\/funke-grundschule.de\/wp-content\/uploads\/2018\/02\/IMG_5012-300x225.jpg\" alt=\"\" width=\"300\" height=\"225\" srcset=\"https:\/\/funke-grundschule.de\/wp-content\/uploads\/2018\/02\/IMG_5012-300x225.jpg 300w, https:\/\/funke-grundschule.de\/wp-content\/uploads\/2018\/02\/IMG_5012-768x576.jpg 768w, https:\/\/funke-grundschule.de\/wp-content\/uploads\/2018\/02\/IMG_5012-1024x768.jpg 1024w\" sizes=\"(max-width: 300px) 100vw, 300px\" \/><\/p>\n<p><img loading=\"lazy\" class=\"alignleft size-medium wp-image-2068\" src=\"http:\/\/funke-grundschule.de\/wp-content\/uploads\/2018\/02\/IMG_5010-300x225.jpg\" alt=\"\" width=\"300\" height=\"225\" srcset=\"https:\/\/funke-grundschule.de\/wp-content\/uploads\/2018\/02\/IMG_5010-300x225.jpg 300w, https:\/\/funke-grundschule.de\/wp-content\/uploads\/2018\/02\/IMG_5010-768x576.jpg 768w, https:\/\/funke-grundschule.de\/wp-content\/uploads\/2018\/02\/IMG_5010-1024x768.jpg 1024w\" sizes=\"(max-width: 300px) 100vw, 300px\" \/><\/p>\n<p><strong>Wie funktioniert die Be<\/strong><strong>wegte Pause?<\/strong><\/p>\n<p>Jedes Kind erh\u00e4lt hierbei eine Klammer mit dem es sich ein Spielzeug aus der Kiste der Bewegten<\/p>\n<p>Pause ausleihen kann. Diese Klammer wird dann von Sch\u00fclerinnen und Sch\u00fclern aus den Jahrg\u00e4ngen 3 und 4 entgegen genommen und ein Spielzeug wird gegen die Klammer herausgegeben. Daf\u00fcr gibt es extra ein Ausleihteam. Jede Klasse des Jahrgangs 3 und 4 hat einmal in der Woche Ausleihdienst.<\/p>\n<p>Sch\u00fclerinnen und Sch\u00fcler aus dem 4. Jahrgang helfen bei der Ausleihe und achten darauf, dass das Spielzeuge zur\u00fcck in die Kisten kommt und danach zur\u00fcck in den Container gebracht wird. Die Kinder lernen somit vorsichtig mit dem Spielzeug umzugehen und auf das Spielzeug aufzupassen. Au\u00dferdem haben die Kinder die M\u00f6glichkeit ihre Pausen bunt zu gestalten.<\/p>\n","protected":false},"excerpt":{"rendered":"<p>Bewegte Pause in der Funkeschule Wir in der Funkeschule spielen jeden Tag in der Pause drau\u00dfen au\u00dfer wenn es regnet.\u00a0 Daf\u00fcr gibt es die Bewegte Pause in der wir uns Spielzeug ausleihen k\u00f6nnen. Die Sch\u00fclerinnen und Sch\u00fcler des Jahrgangs 3&#8230;.<\/p>\n","protected":false},"author":3,"featured_media":0,"parent":0,"menu_order":0,"comment_status":"closed","ping_status":"closed","template":"","meta":[],"_links":{"self":[{"href":"https:\/\/funke-grundschule.de\/index.php?rest_route=\/wp\/v2\/pages\/1168"}],"collection":[{"href":"https:\/\/funke-grundschule.de\/index.php?rest_route=\/wp\/v2\/pages"}],"about":[{"href":"https:\/\/funke-grundschule.de\/index.php?rest_route=\/wp\/v2\/types\/page"}],"author":[{"embeddable":true,"href":"https:\/\/funke-grundschule.de\/index.php?rest_route=\/wp\/v2\/users\/3"}],"replies":[{"embeddable":true,"href":"https:\/\/funke-grundschule.de\/index.php?rest_route=%2Fwp%2Fv2%2Fcomments&post=1168"}],"version-history":[{"count":11,"href":"https:\/\/funke-grundschule.de\/index.php?rest_route=\/wp\/v2\/pages\/1168\/revisions"}],"predecessor-version":[{"id":7515,"href":"https:\/\/funke-grundschule.de\/index.php?rest_route=\/wp\/v2\/pages\/1168\/revisions\/7515"}],"wp:attachment":[{"href":"https:\/\/funke-grundschule.de\/index.php?rest_route=%2Fwp%2Fv2%2Fmedia&parent=1168"}],"curies":[{"name":"wp","href":"https:\/\/api.w.org\/{rel}","templated":true}]}}