{"id":1001,"date":"2018-01-21T13:00:00","date_gmt":"2018-01-21T12:00:00","guid":{"rendered":"http:\/\/funke-grundschule.de\/?page_id=1001"},"modified":"2024-12-18T10:48:09","modified_gmt":"2024-12-18T09:48:09","slug":"fit4future","status":"publish","type":"page","link":"https:\/\/funke-grundschule.de\/?page_id=1001","title":{"rendered":"fit4future"},"content":{"rendered":"<p><img loading=\"lazy\" class=\"alignleft size-medium wp-image-1008\" src=\"http:\/\/funke-grundschule.de\/wp-content\/uploads\/2018\/01\/f4f_logo_cmyk-300x231.png\" alt=\"\" width=\"300\" height=\"231\" srcset=\"https:\/\/funke-grundschule.de\/wp-content\/uploads\/2018\/01\/f4f_logo_cmyk-300x231.png 300w, https:\/\/funke-grundschule.de\/wp-content\/uploads\/2018\/01\/f4f_logo_cmyk-768x591.png 768w, https:\/\/funke-grundschule.de\/wp-content\/uploads\/2018\/01\/f4f_logo_cmyk-1024x788.png 1024w\" sizes=\"(max-width: 300px) 100vw, 300px\" \/><\/p>\n<p>ein Projekt zur Gesundheitspr\u00e4vention<\/p>\n<p>f\u00fcr mehr Bewegung, gute Ern\u00e4hrung, eine stressfreie, positive Lernatmosph\u00e4re und die Schaffung einer gesunden Lebenswelt<\/p>\n<p>Ende 2016 startete das von der DAK Gesundheit und der Cleven Stiftung gef\u00f6rderte Projekt &#8220;fit4future&#8221; an der Funkeschule.<\/p>\n<p>In Form von verschiedenen Ma\u00dfnahmen werden wir dabei unterst\u00fctzt zu unserer&nbsp;Schule passende Bausteine zur Gesundheitspr\u00e4vention zu entwickeln und umzusetzen. Dazu geh\u00f6ren Lehrer-Workshops, die Beratung durch Experten aus dem fit4future-Team, ein Aktionstag f\u00fcr Sch\u00fcler und Eltern sowie eine gro\u00dfe Anzahl von Materialien, die Lust auf eine gesunde Lebensweise machen.<\/p>\n<div id='gallery-1' class='gallery galleryid-1001 gallery-columns-3 gallery-size-thumbnail'><figure class='gallery-item'>\n\t\t\t<div class='gallery-icon landscape'>\n\t\t\t\t<a href='https:\/\/funke-grundschule.de\/wp-content\/uploads\/2018\/01\/fit4future-eine-initiative-der-cleven-stiftung-powered-by-dak.jpeg' title=\"\" data-rl_title=\"\" class=\"rl-gallery-link\" data-rl_caption=\"\" data-rel=\"lightbox-gallery-1\"><img width=\"150\" height=\"150\" src=\"https:\/\/funke-grundschule.de\/wp-content\/uploads\/2018\/01\/fit4future-eine-initiative-der-cleven-stiftung-powered-by-dak-150x150.jpeg\" class=\"attachment-thumbnail size-thumbnail\" alt=\"\" loading=\"lazy\" \/><\/a>\n\t\t\t<\/div><\/figure>\n\t\t<\/div>\n\n<p>2017 wurden die Materialien aus der Spieletonne in allen Klassen eingef\u00fchrt und im Rahmen des Sportunterrichts, f\u00fcr Spielzeiten auf dem Schulhof und bei Events genutzt.<\/p>\n<p>Im November 2017 wurde im Rahmen des Projekts das Konzept &#8220;Bewegte Pause&#8221; durch Frau Muckermann entwickelt und realisiert.<\/p>\n<p>Ab Januar 2018 werden die Materialien aus der Brainfitnessbox f\u00fcr kurze aktive Bewegungspausen (mit dem Fokus auf Wahrnehmung, Ruhe und Entspannung) und Lernen in Bewegung im Unterricht eingesetzt.<\/p>\n<p>Ansprechpartner f\u00fcr dieses Projekt ist Herr Kestermann.<\/p>\n","protected":false},"excerpt":{"rendered":"<p>ein Projekt zur Gesundheitspr\u00e4vention f\u00fcr mehr Bewegung, gute Ern\u00e4hrung, eine stressfreie, positive Lernatmosph\u00e4re und die Schaffung einer gesunden Lebenswelt Ende 2016 startete das von der DAK Gesundheit und der Cleven Stiftung gef\u00f6rderte Projekt &#8220;fit4future&#8221; an der Funkeschule. In Form von&#8230;<\/p>\n","protected":false},"author":3,"featured_media":1009,"parent":0,"menu_order":0,"comment_status":"closed","ping_status":"closed","template":"","meta":[],"_links":{"self":[{"href":"https:\/\/funke-grundschule.de\/index.php?rest_route=\/wp\/v2\/pages\/1001"}],"collection":[{"href":"https:\/\/funke-grundschule.de\/index.php?rest_route=\/wp\/v2\/pages"}],"about":[{"href":"https:\/\/funke-grundschule.de\/index.php?rest_route=\/wp\/v2\/types\/page"}],"author":[{"embeddable":true,"href":"https:\/\/funke-grundschule.de\/index.php?rest_route=\/wp\/v2\/users\/3"}],"replies":[{"embeddable":true,"href":"https:\/\/funke-grundschule.de\/index.php?rest_route=%2Fwp%2Fv2%2Fcomments&post=1001"}],"version-history":[{"count":8,"href":"https:\/\/funke-grundschule.de\/index.php?rest_route=\/wp\/v2\/pages\/1001\/revisions"}],"predecessor-version":[{"id":7677,"href":"https:\/\/funke-grundschule.de\/index.php?rest_route=\/wp\/v2\/pages\/1001\/revisions\/7677"}],"wp:featuredmedia":[{"embeddable":true,"href":"https:\/\/funke-grundschule.de\/index.php?rest_route=\/wp\/v2\/media\/1009"}],"wp:attachment":[{"href":"https:\/\/funke-grundschule.de\/index.php?rest_route=%2Fwp%2Fv2%2Fmedia&parent=1001"}],"curies":[{"name":"wp","href":"https:\/\/api.w.org\/{rel}","templated":true}]}}